{"id":9432,"date":"2025-01-15T12:48:43","date_gmt":"2025-01-15T18:48:43","guid":{"rendered":"https:\/\/medfam.fmposgrado.unam.mx\/?page_id=9432"},"modified":"2025-01-16T09:21:15","modified_gmt":"2025-01-16T15:21:15","slug":"ed-2025","status":"publish","type":"page","link":"https:\/\/medfam.fmposgrado.unam.mx\/index.php\/ed-2025\/","title":{"rendered":"Examen departamental 2025"},"content":{"rendered":"<p>[et_pb_section fb_built=\u00bb1&#8243; custom_padding_last_edited=\u00bbon|desktop\u00bb admin_label=\u00bbHeader\u00bb _builder_version=\u00bb4.22.1&#8243; background_enable_image=\u00bboff\u00bb background_size=\u00bbcontain\u00bb background_position=\u00bbtop_right\u00bb custom_padding=\u00bb80px||||false|false\u00bb custom_padding_tablet=\u00bb140px|0px|50px|0px|false|false\u00bb custom_padding_phone=\u00bb0px||||false|false\u00bb global_colors_info=\u00bb{}\u00bb][et_pb_row _builder_version=\u00bb4.16&#8243; max_width=\u00bb1280px\u00bb custom_margin=\u00bb0px||0px||false|false\u00bb custom_padding=\u00bb0px||0px||false|false\u00bb use_custom_width=\u00bbon\u00bb custom_width_px=\u00bb1280px\u00bb global_colors_info=\u00bb{}\u00bb][et_pb_column type=\u00bb4_4&#8243; _builder_version=\u00bb4.16&#8243; custom_padding=\u00bb|||\u00bb global_colors_info=\u00bb{}\u00bb custom_padding__hover=\u00bb|||\u00bb][et_pb_text content_tablet=\u00bb<\/p>\n<h1><strong>EXAMENES DEPARTAMENTALES<\/strong><\/h1>\n<p>\u00bb content_phone=\u00bb<\/p>\n<h1><strong>EXAMEN DEPARTAMENTAL<\/strong><\/h1>\n<p>\u00bb content_last_edited=\u00bbon|desktop\u00bb _builder_version=\u00bb4.22.1&#8243; text_font=\u00bb||||||||\u00bb text_font_size=\u00bb22px\u00bb text_line_height=\u00bb1.3em\u00bb header_font=\u00bb||||||||\u00bb header_font_size=\u00bb48px\u00bb header_line_height=\u00bb1.3em\u00bb max_width=\u00bb800px\u00bb module_alignment=\u00bbcenter\u00bb custom_margin=\u00bb-50px||0px||false|false\u00bb custom_margin_tablet=\u00bb\u00bb custom_margin_phone=\u00bb50px||||false|false\u00bb custom_margin_last_edited=\u00bbon|phone\u00bb custom_padding=\u00bb0px||0px||false|false\u00bb custom_padding_phone=\u00bb100px||||false|false\u00bb custom_padding_last_edited=\u00bboff|desktop\u00bb text_font_size_phone=\u00bb15px\u00bb text_font_size_last_edited=\u00bboff|desktop\u00bb text_line_height_phone=\u00bb1.6em\u00bb text_line_height_last_edited=\u00bboff|desktop\u00bb header_font_tablet=\u00bb||||||||\u00bb header_font_phone=\u00bb||||||||\u00bb header_font_last_edited=\u00bbon|desktop\u00bb header_font_size_tablet=\u00bb50px\u00bb header_font_size_phone=\u00bb22px\u00bb header_font_size_last_edited=\u00bbon|phone\u00bb global_colors_info=\u00bb{}\u00bb]<\/p>\n<h1 style=\"text-align: center;\"><span style=\"color: #808080;\"><strong>EXAMEN DEPARTAMENTAL<\/strong><\/span><\/h1>\n<p>[\/et_pb_text][et_pb_text _builder_version=\u00bb4.22.1&#8243; text_font=\u00bb||||||||\u00bb text_text_color=\u00bb#0c71c3&#8243; text_font_size=\u00bb28px\u00bb text_letter_spacing=\u00bb1px\u00bb text_line_height=\u00bb1.2em\u00bb header_font=\u00bb||||||||\u00bb header_font_size=\u00bb48px\u00bb header_line_height=\u00bb1.7em\u00bb header_2_line_height=\u00bb1.2em\u00bb max_width=\u00bb800px\u00bb module_alignment=\u00bbcenter\u00bb custom_margin=\u00bb10px||0px||false|false\u00bb custom_margin_tablet=\u00bb\u00bb custom_margin_phone=\u00bb0px||||false|false\u00bb custom_margin_last_edited=\u00bbon|phone\u00bb custom_padding=\u00bb0px||0px||false|false\u00bb custom_padding_phone=\u00bb100px||||false|false\u00bb custom_padding_last_edited=\u00bboff|desktop\u00bb hover_enabled=\u00bb0&#8243; text_font_size_phone=\u00bb15px\u00bb text_font_size_last_edited=\u00bboff|desktop\u00bb text_line_height_phone=\u00bb1.6em\u00bb text_line_height_last_edited=\u00bboff|desktop\u00bb header_font_size_tablet=\u00bb50px\u00bb header_font_size_phone=\u00bb22px\u00bb header_font_size_last_edited=\u00bbon|phone\u00bb header_2_font_size_tablet=\u00bb22px\u00bb header_2_font_size_phone=\u00bb20px\u00bb header_2_font_size_last_edited=\u00bbon|phone\u00bb global_colors_info=\u00bb{}\u00bb sticky_enabled=\u00bb0&#8243;]<\/p>\n<p style=\"text-align: center;\"><span style=\"color: #0c71c3;\"><strong>CICLO ESCOLAR 2024 &#8211; 2025<\/strong><\/span><\/p>\n<p>[\/et_pb_text][et_pb_divider divider_style=\u00bbdashed\u00bb divider_position=\u00bbbottom\u00bb divider_weight=\u00bb2px\u00bb _builder_version=\u00bb4.22.1&#8243; _module_preset=\u00bbdefault\u00bb module_alignment=\u00bbcenter\u00bb custom_margin=\u00bb0px||10px||false|false\u00bb custom_padding=\u00bb0px||0px||false|false\u00bb global_colors_info=\u00bb{}\u00bb][\/et_pb_divider][et_pb_blurb _builder_version=\u00bb4.22.1&#8243; _module_preset=\u00bbdefault\u00bb min_height=\u00bb110.2px\u00bb custom_margin=\u00bb0px||||false|false\u00bb custom_padding=\u00bb0px||||false|false\u00bb hover_enabled=\u00bb0&#8243; global_colors_info=\u00bb{}\u00bb sticky_enabled=\u00bb0&#8243;]<\/p>\n<p>El examen departamental para los tres grados y para los alumnos de nuevo ingreso en la modalidad de convenio, se llevar\u00e1 a cabo el d\u00eda 30 de enero de 2025, en dos turnos: 9:00 a 11:00 am y 12:00 a 14:00 pm. (El horario ser\u00e1 asignado por el sistema).<\/p>\n<p>El examen se realizar\u00e1\u00a0 en forma presencial en el auditorio Dr. Ra\u00fal Fournier Villada, de la Facultad de Medicina.<\/p>\n<p>[\/et_pb_blurb][\/et_pb_column][\/et_pb_row][et_pb_row _builder_version=\u00bb4.17.1&#8243; _module_preset=\u00bbdefault\u00bb custom_margin=\u00bb10px||10px||false|false\u00bb custom_padding=\u00bb0px||0px||false|false\u00bb global_colors_info=\u00bb{}\u00bb][et_pb_column type=\u00bb4_4&#8243; _builder_version=\u00bb4.17.1&#8243; _module_preset=\u00bbdefault\u00bb global_colors_info=\u00bb{}\u00bb][et_pb_divider color=\u00bb#E09900&#8243; divider_style=\u00bbdashed\u00bb divider_weight=\u00bb2px\u00bb _builder_version=\u00bb4.19.1&#8243; _module_preset=\u00bbdefault\u00bb min_height=\u00bb25.8px\u00bb global_colors_info=\u00bb{}\u00bb][\/et_pb_divider][\/et_pb_column][\/et_pb_row][et_pb_row column_structure=\u00bb1_2,1_2&#8243; disabled_on=\u00bboff|off|off\u00bb _builder_version=\u00bb4.17.1&#8243; background_enable_image=\u00bboff\u00bb background_size=\u00bbcontain\u00bb background_position=\u00bbtop_right\u00bb max_width=\u00bb1280px\u00bb custom_margin=\u00bb0px||0px||false|false\u00bb custom_padding=\u00bb0px||0px||false|false\u00bb use_custom_width=\u00bbon\u00bb custom_width_px=\u00bb1280px\u00bb global_colors_info=\u00bb{}\u00bb][et_pb_column type=\u00bb1_2&#8243; _builder_version=\u00bb4.16&#8243; custom_padding=\u00bb|||\u00bb global_colors_info=\u00bb{}\u00bb custom_padding__hover=\u00bb|||\u00bb][et_pb_icon font_icon=\u00bb&#xf044;||fa||400&#8243; icon_color=\u00bb#0c71c3&#8243; icon_width=\u00bb50px\u00bb disabled_on=\u00bboff|off|off\u00bb _builder_version=\u00bb4.22.1&#8243; _module_preset=\u00bbdefault\u00bb custom_margin=\u00bb||20px||false|false\u00bb global_colors_info=\u00bb{}\u00bb][\/et_pb_icon][et_pb_text _builder_version=\u00bb4.22.1&#8243; _module_preset=\u00bbdefault\u00bb text_font_size=\u00bb14px\u00bb custom_padding=\u00bb1px|||||\u00bb text_font_size_tablet=\u00bb14px\u00bb text_font_size_phone=\u00bb14px\u00bb text_font_size_last_edited=\u00bbon|desktop\u00bb global_colors_info=\u00bb{}\u00bb]<\/p>\n<h2 class=\"_04xlpA direction-ltr align-start para-style-body\" style=\"text-align: center;\"><span style=\"color: #3366ff;\">Periodo de registro<\/span><\/h2>\n<p class=\"_04xlpA direction-ltr align-start para-style-body\" style=\"text-align: center;\">Inicia: 21 de enero de 2025 a las 15:00 horas<\/p>\n<p class=\"_04xlpA direction-ltr align-start para-style-body\" style=\"text-align: center;\">Finaliza: 27 de enero de 2025 a las 15:00 horas<\/p>\n<p class=\"_04xlpA direction-ltr align-start para-style-body\" style=\"text-align: center;\">(Horario de la Ciudad de M\u00e9xico)<\/p>\n<p class=\"_04xlpA direction-ltr align-start para-style-body\" style=\"text-align: center;\"><span style=\"color: #ff0000;\">Nota: si los residentes no se registran en este per\u00edodo no podr\u00e1n presentar el examen.<\/span><\/p>\n<p>[\/et_pb_text][et_pb_text disabled_on=\u00bboff|off|off\u00bb _builder_version=\u00bb4.22.1&#8243; _module_preset=\u00bbdefault\u00bb header_text_color=\u00bb#0c71c3&#8243; global_colors_info=\u00bb{}\u00bb]<\/p>\n<h2><span style=\"color: #0c71c3;\">Paso 1<\/span><\/h2>\n<p>Ingresar a la p\u00e1gina de internet para obtener su comprobante de registro (C\u00f3digo QR):<\/p>\n<p><a href=\"http:\/\/www.evaluacion.medfam.fmposgrado.unam.mx\" target=\"_blank\" rel=\"noopener\">http:\/\/www.evaluacion.medfam.fmposgrado.unam.mx<\/a><\/p>\n<p>&nbsp;<\/p>\n<p>[\/et_pb_text][et_pb_divider color=\u00bbrgba(244,107,53,0.89)\u00bb divider_style=\u00bbdotted\u00bb divider_weight=\u00bb4px\u00bb _builder_version=\u00bb4.22.1&#8243; _module_preset=\u00bbdefault\u00bb global_colors_info=\u00bb{}\u00bb][\/et_pb_divider][et_pb_icon font_icon=\u00bb&#xe052;||divi||400&#8243; icon_color=\u00bb#0c71c3&#8243; icon_width=\u00bb50px\u00bb disabled_on=\u00bboff|off|off\u00bb _builder_version=\u00bb4.22.1&#8243; _module_preset=\u00bbdefault\u00bb custom_margin=\u00bb||20px||false|false\u00bb global_colors_info=\u00bb{}\u00bb][\/et_pb_icon][et_pb_text disabled_on=\u00bboff|off|off\u00bb _builder_version=\u00bb4.22.1&#8243; _module_preset=\u00bbdefault\u00bb global_colors_info=\u00bb{}\u00bb]<\/p>\n<h2><span style=\"color: #0c71c3;\">Paso 2<\/span><\/h2>\n<p>Una vez que obtengan su registro deber\u00e1n verificar que los datos sean correctos (nombre, a\u00f1o de residencia, sede acad\u00e9mica, etc.) y prestar atenci\u00f3n al <strong>horario<\/strong> que le asigne el sistema. Verificar tambi\u00e9n que la modalidad asignada sea presencial.<\/p>\n<p><strong>Nota:<\/strong> Los residentes que se encuentran en rotaci\u00f3n de campo, intercambio acad\u00e9mico fuera de la ciudad, incapacidad o vacaciones, el sistema les indicar\u00e1 que la modalidad es v\u00eda remota (a distancia).<\/p>\n<p>[\/et_pb_text][et_pb_divider color=\u00bbrgba(244,107,53,0.89)\u00bb divider_style=\u00bbdotted\u00bb divider_weight=\u00bb4px\u00bb _builder_version=\u00bb4.22.1&#8243; _module_preset=\u00bbdefault\u00bb global_colors_info=\u00bb{}\u00bb][\/et_pb_divider][et_pb_blurb use_icon=\u00bbon\u00bb font_icon=\u00bb&#xe108;||divi||400&#8243; icon_color=\u00bb#0c71c3&#8243; image_icon_width=\u00bb60px\u00bb _builder_version=\u00bb4.22.1&#8243; _module_preset=\u00bbdefault\u00bb body_text_align=\u00bbleft\u00bb custom_margin=\u00bb|0px||0px|false|false\u00bb custom_padding=\u00bb|0px||0px|false|false\u00bb global_colors_info=\u00bb{}\u00bb]<\/p>\n<h2 style=\"text-align: left;\"><span style=\"color: #0c71c3;\">Paso 3<\/span><\/h2>\n<p style=\"text-align: left;\">Los residentes deber\u00e1n presentarse el d\u00eda 30 de enero una hora antes del horario que les fue asignado por el sistema, con su comprobante de registro impreso y una identificaci\u00f3n.<\/p>\n<p style=\"text-align: left;\">Evitar traer mochilas o bolsas ya que no se cuenta con un lugar para resguardar pertenencias.<\/p>\n<p style=\"text-align: left;\">Es recomendable que no asistan con uniforme blanco.<\/p>\n<p style=\"text-align: left;\">Deber\u00e1n apagar sus telefonos celulares antes de entrar al auditorio.<\/p>\n<p>[\/et_pb_blurb][et_pb_divider color=\u00bbrgba(244,107,53,0.89)\u00bb divider_style=\u00bbdotted\u00bb divider_weight=\u00bb4px\u00bb _builder_version=\u00bb4.22.1&#8243; _module_preset=\u00bbdefault\u00bb global_colors_info=\u00bb{}\u00bb][\/et_pb_divider][et_pb_blurb use_icon=\u00bbon\u00bb font_icon=\u00bb&#xe059;||divi||400&#8243; icon_color=\u00bb#0c71c3&#8243; image_icon_width=\u00bb60px\u00bb _builder_version=\u00bb4.22.1&#8243; _module_preset=\u00bbdefault\u00bb body_text_align=\u00bbleft\u00bb custom_margin=\u00bb|0px||0px|false|false\u00bb custom_padding=\u00bb|0px||0px|false|false\u00bb global_colors_info=\u00bb{}\u00bb]<\/p>\n<h2 style=\"text-align: left;\"><span style=\"color: #0c71c3;\">Paso 4<\/span><\/h2>\n<p>Los resultados del examen estar\u00e1n disponibles en la misma plataforma donde hicieron el registro, a partir del d\u00eda 06 de febrero de 2025.<\/p>\n<p>[\/et_pb_blurb][\/et_pb_column][et_pb_column type=\u00bb1_2&#8243; _builder_version=\u00bb4.16&#8243; custom_padding=\u00bb|||\u00bb global_colors_info=\u00bb{}\u00bb custom_padding__hover=\u00bb|||\u00bb][et_pb_image src=\u00bbhttps:\/\/medfam.fmposgrado.unam.mx\/wp-content\/uploads\/2023\/11\/evaluacion-300&#215;292.jpg\u00bb title_text=\u00bbevaluacion\u00bb align=\u00bbcenter\u00bb disabled_on=\u00bbon|off|off\u00bb _builder_version=\u00bb4.22.1&#8243; _module_preset=\u00bbdefault\u00bb custom_margin=\u00bb0px||0px||false|false\u00bb custom_padding=\u00bb0px||0px||false|false\u00bb global_colors_info=\u00bb{}\u00bb][\/et_pb_image][et_pb_blurb _builder_version=\u00bb4.19.1&#8243; _module_preset=\u00bbdefault\u00bb global_colors_info=\u00bb{}\u00bb][\/et_pb_blurb][et_pb_divider color=\u00bbrgba(244,107,53,0.89)\u00bb divider_style=\u00bbdotted\u00bb divider_weight=\u00bb4px\u00bb _builder_version=\u00bb4.22.1&#8243; _module_preset=\u00bbdefault\u00bb global_colors_info=\u00bb{}\u00bb][\/et_pb_divider][et_pb_blurb use_icon=\u00bbon\u00bb font_icon=\u00bb&#xe010;||divi||400&#8243; icon_color=\u00bb#0c71c3&#8243; image_icon_width=\u00bb60px\u00bb _builder_version=\u00bb4.22.1&#8243; _module_preset=\u00bbdefault\u00bb body_text_align=\u00bbleft\u00bb custom_margin=\u00bb|0px||0px|false|false\u00bb custom_padding=\u00bb|0px||0px|false|false\u00bb global_colors_info=\u00bb{}\u00bb]<\/p>\n<h2 style=\"text-align: left;\"><span style=\"color: #0c71c3;\">Contacto<\/span><\/h2>\n<p style=\"text-align: left;\">Para cualquier duda o aclaraci\u00f3n ponerse en contacto a trav\u00e9s de los correos electr\u00f3nicos:<\/p>\n<ul>\n<li style=\"text-align: left;\"><a href=\"mailto:evaluacion@medfam.fmposgrado.unam.mx\">evaluacion@medfam.fmposgrado.unam.mx<\/a><\/li>\n<li style=\"text-align: left;\"><a href=\"mailto:carlosriveroposgradounam@gmail.com\">carlosriveroposgradounam@gmail.com<\/a><\/li>\n<\/ul>\n<p style=\"text-align: left;\">[\/et_pb_blurb][et_pb_text _builder_version=\u00bb4.19.1&#8243; _module_preset=\u00bbdefault\u00bb global_colors_info=\u00bb{}\u00bb]<\/p>\n<p style=\"text-align: center;\"><span style=\"color: #333399;\"><strong>Tel\u00e9fono:<\/strong><\/span><br \/>55 56 23 72 76<br \/>EXT. 81080<\/p>\n<p>[\/et_pb_text][et_pb_divider color=\u00bbrgba(244,107,53,0.89)\u00bb divider_style=\u00bbdotted\u00bb divider_weight=\u00bb4px\u00bb _builder_version=\u00bb4.22.1&#8243; _module_preset=\u00bbdefault\u00bb global_colors_info=\u00bb{}\u00bb][\/et_pb_divider][et_pb_blurb url=\u00bbhttp:\/\/www.facmed.unam.mx\/index.php?_id_=_fm_ubi\u00bb url_new_window=\u00bbon\u00bb use_icon=\u00bbon\u00bb font_icon=\u00bb&#xe01d;||divi||400&#8243; icon_color=\u00bb#a58a1c\u00bb image_icon_width=\u00bb60px\u00bb _builder_version=\u00bb4.22.1&#8243; _module_preset=\u00bbdefault\u00bb body_text_align=\u00bbleft\u00bb custom_margin=\u00bb|0px||0px|false|false\u00bb custom_padding=\u00bb|0px||0px|false|false\u00bb global_colors_info=\u00bb{}\u00bb]<\/p>\n<h2 style=\"text-align: left;\"><span style=\"color: #0c71c3;\">Fecha y lugar del examen<\/span><\/h2>\n<p>30 de enero de 2025<\/p>\n<p>Modalidad presencial<\/p>\n<p>Auditorio Dr. Ra\u00fal Fournier Villada<\/p>\n<p>Facultad de Medicina, UNAM<\/p>\n<p>[\/et_pb_blurb][\/et_pb_column][\/et_pb_row][et_pb_row disabled_on=\u00bbon|on|on\u00bb _builder_version=\u00bb4.17.1&#8243; _module_preset=\u00bbdefault\u00bb custom_margin=\u00bb0px||0px||false|false\u00bb custom_padding=\u00bb0px||0px||false|false\u00bb disabled=\u00bbon\u00bb global_colors_info=\u00bb{}\u00bb][et_pb_column type=\u00bb4_4&#8243; _builder_version=\u00bb4.17.1&#8243; _module_preset=\u00bbdefault\u00bb global_colors_info=\u00bb{}\u00bb][et_pb_button button_url=\u00bbhttps:\/\/www.evaluacion.medfam.fmposgrado.unam.mx\/examen\/login.php\u00bb url_new_window=\u00bbon\u00bb button_text=\u00bbIngreso al examen\u00bb _builder_version=\u00bb4.19.1&#8243; _module_preset=\u00bbdefault\u00bb global_colors_info=\u00bb{}\u00bb][\/et_pb_button][\/et_pb_column][\/et_pb_row][\/et_pb_section]<\/p>\n","protected":false},"excerpt":{"rendered":"<p>EXAMEN DEPARTAMENTALCICLO ESCOLAR 2024 &#8211; 2025El examen departamental para los tres grados y para los alumnos de nuevo ingreso en la modalidad de convenio, se llevar\u00e1 a cabo el d\u00eda 30 de enero de 2025, en dos turnos: 9:00 a 11:00 am y 12:00 a 14:00 pm. (El horario ser\u00e1 asignado por el sistema). El [&hellip;]<\/p>\n","protected":false},"author":11,"featured_media":0,"parent":0,"menu_order":0,"comment_status":"closed","ping_status":"closed","template":"","meta":{"_et_pb_use_builder":"on","_et_pb_old_content":"","_et_gb_content_width":"","footnotes":""},"class_list":["post-9432","page","type-page","status-publish","hentry"],"_links":{"self":[{"href":"https:\/\/medfam.fmposgrado.unam.mx\/index.php\/wp-json\/wp\/v2\/pages\/9432","targetHints":{"allow":["GET"]}}],"collection":[{"href":"https:\/\/medfam.fmposgrado.unam.mx\/index.php\/wp-json\/wp\/v2\/pages"}],"about":[{"href":"https:\/\/medfam.fmposgrado.unam.mx\/index.php\/wp-json\/wp\/v2\/types\/page"}],"author":[{"embeddable":true,"href":"https:\/\/medfam.fmposgrado.unam.mx\/index.php\/wp-json\/wp\/v2\/users\/11"}],"replies":[{"embeddable":true,"href":"https:\/\/medfam.fmposgrado.unam.mx\/index.php\/wp-json\/wp\/v2\/comments?post=9432"}],"version-history":[{"count":18,"href":"https:\/\/medfam.fmposgrado.unam.mx\/index.php\/wp-json\/wp\/v2\/pages\/9432\/revisions"}],"predecessor-version":[{"id":9454,"href":"https:\/\/medfam.fmposgrado.unam.mx\/index.php\/wp-json\/wp\/v2\/pages\/9432\/revisions\/9454"}],"wp:attachment":[{"href":"https:\/\/medfam.fmposgrado.unam.mx\/index.php\/wp-json\/wp\/v2\/media?parent=9432"}],"curies":[{"name":"wp","href":"https:\/\/api.w.org\/{rel}","templated":true}]}}