{"id":8629,"date":"2024-01-25T12:36:06","date_gmt":"2024-01-25T18:36:06","guid":{"rendered":"https:\/\/medfam.fmposgrado.unam.mx\/?page_id=8629"},"modified":"2024-01-25T12:38:31","modified_gmt":"2024-01-25T18:38:31","slug":"exa_dept_prim-seg-2024","status":"publish","type":"page","link":"https:\/\/medfam.fmposgrado.unam.mx\/index.php\/exa_dept_prim-seg-2024\/","title":{"rendered":"Examen Departamental Resultados"},"content":{"rendered":"<p>[et_pb_section fb_built=\u00bb1&#8243; custom_padding_last_edited=\u00bbon|desktop\u00bb admin_label=\u00bbHeader\u00bb _builder_version=\u00bb4.22.1&#8243; background_enable_image=\u00bboff\u00bb background_size=\u00bbcontain\u00bb background_position=\u00bbtop_right\u00bb custom_padding=\u00bb80px||||false|false\u00bb custom_padding_tablet=\u00bb140px|0px|50px|0px|false|false\u00bb custom_padding_phone=\u00bb0px||||false|false\u00bb global_colors_info=\u00bb{}\u00bb][et_pb_row _builder_version=\u00bb4.16&#8243; max_width=\u00bb1280px\u00bb custom_margin=\u00bb0px||0px||false|false\u00bb custom_padding=\u00bb0px||0px||false|false\u00bb use_custom_width=\u00bbon\u00bb custom_width_px=\u00bb1280px\u00bb global_colors_info=\u00bb{}\u00bb][et_pb_column type=\u00bb4_4&#8243; _builder_version=\u00bb4.16&#8243; custom_padding=\u00bb|||\u00bb global_colors_info=\u00bb{}\u00bb custom_padding__hover=\u00bb|||\u00bb][et_pb_text content_tablet=\u00bb<\/p>\n<h1><strong>EXAMENES DEPARTAMENTALES<\/strong><\/h1>\n<p>\u00bb content_phone=\u00bb<\/p>\n<h1><strong>EXAMEN DEPARTAMENTAL<\/strong><\/h1>\n<p>\u00bb content_last_edited=\u00bbon|desktop\u00bb _builder_version=\u00bb4.22.1&#8243; text_font=\u00bb||||||||\u00bb text_font_size=\u00bb22px\u00bb text_line_height=\u00bb1.3em\u00bb header_font=\u00bb||||||||\u00bb header_font_size=\u00bb48px\u00bb header_line_height=\u00bb1.3em\u00bb max_width=\u00bb800px\u00bb module_alignment=\u00bbcenter\u00bb custom_margin=\u00bb-50px||0px||false|false\u00bb custom_margin_tablet=\u00bb\u00bb custom_margin_phone=\u00bb50px||||false|false\u00bb custom_margin_last_edited=\u00bbon|phone\u00bb custom_padding=\u00bb0px||0px||false|false\u00bb custom_padding_phone=\u00bb100px||||false|false\u00bb custom_padding_last_edited=\u00bboff|desktop\u00bb text_font_size_phone=\u00bb15px\u00bb text_font_size_last_edited=\u00bboff|desktop\u00bb text_line_height_phone=\u00bb1.6em\u00bb text_line_height_last_edited=\u00bboff|desktop\u00bb header_font_tablet=\u00bb||||||||\u00bb header_font_phone=\u00bb||||||||\u00bb header_font_last_edited=\u00bbon|desktop\u00bb header_font_size_tablet=\u00bb50px\u00bb header_font_size_phone=\u00bb22px\u00bb header_font_size_last_edited=\u00bbon|phone\u00bb global_colors_info=\u00bb{}\u00bb]<\/p>\n<h1 style=\"text-align: center;\"><span style=\"color: #808080;\"><strong>EXAMEN DEPARTAMENTAL<\/strong><\/span><\/h1>\n<h2 style=\"text-align: center;\">Residentes de primer y segundo a\u00f1o<\/h2>\n<p>[\/et_pb_text][et_pb_text _builder_version=\u00bb4.22.1&#8243; text_font=\u00bb||||||||\u00bb text_text_color=\u00bb#0c71c3&#8243; text_font_size=\u00bb28px\u00bb text_letter_spacing=\u00bb1px\u00bb text_line_height=\u00bb1.2em\u00bb header_font=\u00bb||||||||\u00bb header_font_size=\u00bb48px\u00bb header_line_height=\u00bb1.7em\u00bb header_2_line_height=\u00bb1.2em\u00bb max_width=\u00bb800px\u00bb module_alignment=\u00bbcenter\u00bb custom_margin=\u00bb10px||0px||false|false\u00bb custom_margin_tablet=\u00bb\u00bb custom_margin_phone=\u00bb0px||||false|false\u00bb custom_margin_last_edited=\u00bbon|phone\u00bb custom_padding=\u00bb0px||0px||false|false\u00bb custom_padding_phone=\u00bb100px||||false|false\u00bb custom_padding_last_edited=\u00bboff|desktop\u00bb text_font_size_phone=\u00bb15px\u00bb text_font_size_last_edited=\u00bboff|desktop\u00bb text_line_height_phone=\u00bb1.6em\u00bb text_line_height_last_edited=\u00bboff|desktop\u00bb header_font_size_tablet=\u00bb50px\u00bb header_font_size_phone=\u00bb22px\u00bb header_font_size_last_edited=\u00bbon|phone\u00bb header_2_font_size_tablet=\u00bb22px\u00bb header_2_font_size_phone=\u00bb20px\u00bb header_2_font_size_last_edited=\u00bbon|phone\u00bb global_colors_info=\u00bb{}\u00bb]<\/p>\n<h2 style=\"text-align: center;\"><\/h2>\n<p style=\"text-align: center;\"><span style=\"color: #0c71c3;\"><strong>CICLO ESCOLAR 2023 &#8211; 2024<\/strong><\/span><\/p>\n<p>[\/et_pb_text][\/et_pb_column][\/et_pb_row][et_pb_row _builder_version=\u00bb4.17.1&#8243; _module_preset=\u00bbdefault\u00bb custom_margin=\u00bb10px||10px||false|false\u00bb custom_padding=\u00bb0px||0px||false|false\u00bb global_colors_info=\u00bb{}\u00bb][et_pb_column type=\u00bb4_4&#8243; _builder_version=\u00bb4.17.1&#8243; _module_preset=\u00bbdefault\u00bb global_colors_info=\u00bb{}\u00bb][et_pb_divider color=\u00bb#E09900&#8243; divider_style=\u00bbdashed\u00bb divider_weight=\u00bb2px\u00bb _builder_version=\u00bb4.19.1&#8243; _module_preset=\u00bbdefault\u00bb min_height=\u00bb25.8px\u00bb global_colors_info=\u00bb{}\u00bb][\/et_pb_divider][\/et_pb_column][\/et_pb_row][et_pb_row column_structure=\u00bb1_2,1_2&#8243; disabled_on=\u00bboff|off|off\u00bb _builder_version=\u00bb4.17.1&#8243; background_enable_image=\u00bboff\u00bb background_size=\u00bbcontain\u00bb background_position=\u00bbtop_right\u00bb max_width=\u00bb1280px\u00bb custom_margin=\u00bb0px||0px||false|false\u00bb custom_padding=\u00bb0px||0px||false|false\u00bb use_custom_width=\u00bbon\u00bb custom_width_px=\u00bb1280px\u00bb global_colors_info=\u00bb{}\u00bb][et_pb_column type=\u00bb1_2&#8243; _builder_version=\u00bb4.16&#8243; custom_padding=\u00bb|||\u00bb global_colors_info=\u00bb{}\u00bb custom_padding__hover=\u00bb|||\u00bb][et_pb_text disabled_on=\u00bboff|off|off\u00bb _builder_version=\u00bb4.22.1&#8243; _module_preset=\u00bbdefault\u00bb text_font_size=\u00bb18px\u00bb text_letter_spacing=\u00bb1px\u00bb text_line_height=\u00bb1.5em\u00bb header_letter_spacing=\u00bb1px\u00bb text_font_tablet=\u00bb\u00bb text_font_phone=\u00bb\u00bb text_font_last_edited=\u00bbon|phone\u00bb header_line_height_tablet=\u00bb\u00bb header_line_height_phone=\u00bb1.2em\u00bb header_line_height_last_edited=\u00bbon|phone\u00bb global_colors_info=\u00bb{}\u00bb]<\/p>\n<h1 style=\"text-align: left;\"><span style=\"color: #808080;\">Consulta resultados<\/span><\/h1>\n<p>[\/et_pb_text][et_pb_text disabled_on=\u00bboff|off|off\u00bb _builder_version=\u00bb4.22.1&#8243; _module_preset=\u00bbdefault\u00bb header_text_color=\u00bb#0c71c3&#8243; global_colors_info=\u00bb{}\u00bb]<\/p>\n<h2><span style=\"color: #0c71c3;\">A partir del 6 de febrero<\/span><\/h2>\n<p>&nbsp;<\/p>\n<p>Ingresa a la plataforma con tu correo y contrase\u00f1a asignada:<\/p>\n<p>&nbsp;<\/p>\n<p><a href=\"http:\/\/www.evaluacion.medfam.fmposgrado.unam.mx\" target=\"_blank\" rel=\"noopener\">http:\/\/www.evaluacion.medfam.fmposgrado.unam.mx<\/a><\/p>\n<p>&nbsp;<\/p>\n<p>[\/et_pb_text][\/et_pb_column][et_pb_column type=\u00bb1_2&#8243; _builder_version=\u00bb4.16&#8243; custom_padding=\u00bb|||\u00bb global_colors_info=\u00bb{}\u00bb custom_padding__hover=\u00bb|||\u00bb][et_pb_image src=\u00bbhttps:\/\/medfam.fmposgrado.unam.mx\/wp-content\/uploads\/2023\/11\/evaluacion-300&#215;292.jpg\u00bb title_text=\u00bbevaluacion\u00bb align=\u00bbcenter\u00bb disabled_on=\u00bbon|off|off\u00bb _builder_version=\u00bb4.22.1&#8243; _module_preset=\u00bbdefault\u00bb custom_margin=\u00bb0px||0px||false|false\u00bb custom_padding=\u00bb0px||0px||false|false\u00bb global_colors_info=\u00bb{}\u00bb][\/et_pb_image][et_pb_blurb _builder_version=\u00bb4.22.1&#8243; _module_preset=\u00bbdefault\u00bb global_colors_info=\u00bb{}\u00bb][\/et_pb_blurb][\/et_pb_column][\/et_pb_row][et_pb_row _builder_version=\u00bb4.22.1&#8243; _module_preset=\u00bbdefault\u00bb global_colors_info=\u00bb{}\u00bb][et_pb_column type=\u00bb4_4&#8243; _builder_version=\u00bb4.22.1&#8243; _module_preset=\u00bbdefault\u00bb global_colors_info=\u00bb{}\u00bb][et_pb_divider color=\u00bb#0c71c3&#8243; divider_style=\u00bbdashed\u00bb divider_weight=\u00bb2px\u00bb _builder_version=\u00bb4.22.1&#8243; _module_preset=\u00bbdefault\u00bb global_colors_info=\u00bb{}\u00bb][\/et_pb_divider][et_pb_blurb use_icon=\u00bbon\u00bb font_icon=\u00bb&#xe010;||divi||400&#8243; icon_color=\u00bb#0c71c3&#8243; image_icon_width=\u00bb60px\u00bb _builder_version=\u00bb4.22.1&#8243; _module_preset=\u00bbdefault\u00bb body_text_align=\u00bbleft\u00bb custom_margin=\u00bb|0px||0px|false|false\u00bb custom_padding=\u00bb|0px||0px|false|false\u00bb hover_enabled=\u00bb0&#8243; global_colors_info=\u00bb{}\u00bb sticky_enabled=\u00bb0&#8243;]<\/p>\n<h2 style=\"text-align: center;\"><span style=\"color: #0c71c3;\">Contacto<\/span><\/h2>\n<p style=\"text-align: center;\">Para cualquier duda o aclaraci\u00f3n ponerse en contacto con la Coordinaci\u00f3n de Evaluaci\u00f3n de la Subdivisi\u00f3n de Medicina Familiar, al correo electr\u00f3nico:<\/p>\n<p style=\"text-align: center;\"><strong>evaluacion@medfam.fmposgrado.unam.mx<\/strong><\/p>\n<p>[\/et_pb_blurb][\/et_pb_column][\/et_pb_row][et_pb_row disabled_on=\u00bbon|on|on\u00bb _builder_version=\u00bb4.17.1&#8243; _module_preset=\u00bbdefault\u00bb custom_margin=\u00bb0px||0px||false|false\u00bb custom_padding=\u00bb0px||0px||false|false\u00bb disabled=\u00bbon\u00bb global_colors_info=\u00bb{}\u00bb][et_pb_column type=\u00bb4_4&#8243; _builder_version=\u00bb4.17.1&#8243; _module_preset=\u00bbdefault\u00bb global_colors_info=\u00bb{}\u00bb][et_pb_button button_url=\u00bbhttps:\/\/www.evaluacion.medfam.fmposgrado.unam.mx\/examen\/login.php\u00bb url_new_window=\u00bbon\u00bb button_text=\u00bbIngreso al examen\u00bb button_alignment=\u00bbcenter\u00bb _builder_version=\u00bb4.19.1&#8243; _module_preset=\u00bbdefault\u00bb global_colors_info=\u00bb{}\u00bb][\/et_pb_button][et_pb_text _builder_version=\u00bb4.19.1&#8243; _module_preset=\u00bbdefault\u00bb global_colors_info=\u00bb{}\u00bb]<\/p>\n<p style=\"text-align: center;\"><span style=\"color: #333399;\"><strong>Tel\u00e9fono:<\/strong><\/span><br \/>\n55 56 23 23 00<br \/>\nEXT. 81107<\/p>\n<p>[\/et_pb_text][\/et_pb_column][\/et_pb_row][\/et_pb_section]<\/p>\n","protected":false},"excerpt":{"rendered":"<p>EXAMEN DEPARTAMENTAL Residentes de primer y segundo a\u00f1o CICLO ESCOLAR 2023 &#8211; 2024 Consulta resultadosA partir del 6 de febrero &nbsp; Ingresa a la plataforma con tu correo y contrase\u00f1a asignada: &nbsp; http:\/\/www.evaluacion.medfam.fmposgrado.unam.mx &nbsp;Contacto Para cualquier duda o aclaraci\u00f3n ponerse en contacto con la Coordinaci\u00f3n de Evaluaci\u00f3n de la Subdivisi\u00f3n de Medicina Familiar, al correo [&hellip;]<\/p>\n","protected":false},"author":11,"featured_media":0,"parent":0,"menu_order":0,"comment_status":"closed","ping_status":"closed","template":"","meta":{"_et_pb_use_builder":"on","_et_pb_old_content":"","_et_gb_content_width":"","footnotes":""},"class_list":["post-8629","page","type-page","status-publish","hentry"],"_links":{"self":[{"href":"https:\/\/medfam.fmposgrado.unam.mx\/index.php\/wp-json\/wp\/v2\/pages\/8629","targetHints":{"allow":["GET"]}}],"collection":[{"href":"https:\/\/medfam.fmposgrado.unam.mx\/index.php\/wp-json\/wp\/v2\/pages"}],"about":[{"href":"https:\/\/medfam.fmposgrado.unam.mx\/index.php\/wp-json\/wp\/v2\/types\/page"}],"author":[{"embeddable":true,"href":"https:\/\/medfam.fmposgrado.unam.mx\/index.php\/wp-json\/wp\/v2\/users\/11"}],"replies":[{"embeddable":true,"href":"https:\/\/medfam.fmposgrado.unam.mx\/index.php\/wp-json\/wp\/v2\/comments?post=8629"}],"version-history":[{"count":15,"href":"https:\/\/medfam.fmposgrado.unam.mx\/index.php\/wp-json\/wp\/v2\/pages\/8629\/revisions"}],"predecessor-version":[{"id":8648,"href":"https:\/\/medfam.fmposgrado.unam.mx\/index.php\/wp-json\/wp\/v2\/pages\/8629\/revisions\/8648"}],"wp:attachment":[{"href":"https:\/\/medfam.fmposgrado.unam.mx\/index.php\/wp-json\/wp\/v2\/media?parent=8629"}],"curies":[{"name":"wp","href":"https:\/\/api.w.org\/{rel}","templated":true}]}}