{"id":8301,"date":"2023-10-20T13:04:40","date_gmt":"2023-10-20T19:04:40","guid":{"rendered":"https:\/\/medfam.fmposgrado.unam.mx\/?page_id=8301"},"modified":"2023-10-20T14:01:42","modified_gmt":"2023-10-20T20:01:42","slug":"plan_estudios_combinados","status":"publish","type":"page","link":"https:\/\/medfam.fmposgrado.unam.mx\/index.php\/plan_estudios_combinados\/","title":{"rendered":"Plan de Estudios Combinados"},"content":{"rendered":"<p>[et_pb_section fb_built=\u00bb1&#8243; admin_label=\u00bbHeader\u00bb _builder_version=\u00bb4.22.1&#8243; _module_preset=\u00bbdefault\u00bb background_color=\u00bbgcid-acbd5969-9d5f-4bea-a694-e0e16adbbd29&#8243; background_image=\u00bbhttps:\/\/medfam.fmposgrado.unam.mx\/wp-content\/uploads\/2023\/10\/webinar-36.png\u00bb background_size=\u00bbcustom\u00bb background_image_width=\u00bb33%\u00bb background_position=\u00bbtop_right\u00bb custom_padding=\u00bb||||false|false\u00bb hover_enabled=\u00bb0&#8243; collapsed=\u00bbon\u00bb global_colors_info=\u00bb{%22gcid-acbd5969-9d5f-4bea-a694-e0e16adbbd29%22:%91%22background_color%22%93}\u00bb sticky_enabled=\u00bb0&#8243;][et_pb_row _builder_version=\u00bb4.19.0&#8243; _module_preset=\u00bbdefault\u00bb global_colors_info=\u00bb{}\u00bb][et_pb_column type=\u00bb4_4&#8243; _builder_version=\u00bb4.18.0&#8243; _module_preset=\u00bbdefault\u00bb global_colors_info=\u00bb{}\u00bb][et_pb_text _builder_version=\u00bb4.22.1&#8243; _module_preset=\u00bbc16985e1-e0d6-4022-964d-e2bfc04fa633&#8243; header_font=\u00bbNunito Sans|900|||||||\u00bb header_font_size=\u00bb50px\u00bb header_line_height=\u00bb1.2em\u00bb background_layout=\u00bbdark\u00bb max_width=\u00bb700px\u00bb header_font_size_tablet=\u00bb40px\u00bb header_font_size_phone=\u00bb24px\u00bb header_font_size_last_edited=\u00bbon|desktop\u00bb global_colors_info=\u00bb{}\u00bb]<\/p>\n<h1>Plan de Estudios combinados de la Facultad de Medicina de la UNAM, Medicina Familiar y maestr\u00eda en Salud P\u00fablica<\/h1>\n<p>[\/et_pb_text][\/et_pb_column][\/et_pb_row][et_pb_row _builder_version=\u00bb4.18.0&#8243; _module_preset=\u00bbdefault\u00bb global_colors_info=\u00bb{}\u00bb][et_pb_column type=\u00bb4_4&#8243; _builder_version=\u00bb4.18.0&#8243; _module_preset=\u00bbdefault\u00bb global_colors_info=\u00bb{}\u00bb][et_pb_image src=\u00bbhttps:\/\/medfam.fmposgrado.unam.mx\/wp-content\/uploads\/2023\/10\/EPPENS_Ceremonia20232.png\u00bb title_text=\u00bbEPPENS_Ceremonia20232&#8243; _builder_version=\u00bb4.22.1&#8243; _module_preset=\u00bbdefault\u00bb max_height_tablet=\u00bb300px\u00bb max_height_phone=\u00bb300px\u00bb max_height_last_edited=\u00bbon|tablet\u00bb box_shadow_style=\u00bbpreset4&#8243; box_shadow_horizontal=\u00bb-3vw\u00bb box_shadow_vertical=\u00bb-3vw\u00bb box_shadow_spread=\u00bb-2vw\u00bb box_shadow_color=\u00bbgcid-6d7bd22a-fb70-4813-a84e-455e41a87331&#8243; global_colors_info=\u00bb{%22gcid-6d7bd22a-fb70-4813-a84e-455e41a87331%22:%91%22box_shadow_color%22%93}\u00bb][\/et_pb_image][\/et_pb_column][\/et_pb_row][\/et_pb_section][et_pb_section fb_built=\u00bb1&#8243; admin_label=\u00bbFeatures\u00bb _builder_version=\u00bb4.18.0&#8243; _module_preset=\u00bbdefault\u00bb locked=\u00bboff\u00bb collapsed=\u00bbon\u00bb global_colors_info=\u00bb{}\u00bb][et_pb_row _builder_version=\u00bb4.18.0&#8243; _module_preset=\u00bbdefault\u00bb global_colors_info=\u00bb{}\u00bb][et_pb_column type=\u00bb4_4&#8243; _builder_version=\u00bb4.18.0&#8243; _module_preset=\u00bbdefault\u00bb custom_padding_tablet=\u00bb||30px||false|false\u00bb custom_padding_phone=\u00bb||30px||false|false\u00bb custom_padding_last_edited=\u00bbon|tablet\u00bb global_colors_info=\u00bb{}\u00bb][et_pb_divider color=\u00bbgcid-e850ad88-05af-4ed0-bc88-7082de258f33&#8243; divider_weight=\u00bb4px\u00bb _builder_version=\u00bb4.22.1&#8243; _module_preset=\u00bbdefault\u00bb width=\u00bb180px\u00bb locked=\u00bboff\u00bb global_colors_info=\u00bb{%22gcid-e850ad88-05af-4ed0-bc88-7082de258f33%22:%91%22color%22%93}\u00bb][\/et_pb_divider][et_pb_text _builder_version=\u00bb4.22.1&#8243; _module_preset=\u00bb1f09816e-184e-4ce5-a4cf-b39c52c423ca\u00bb text_font=\u00bbPT Sans||||||||\u00bb text_line_height=\u00bb1.4em\u00bb custom_margin=\u00bb|||60px|false|false\u00bb custom_margin_tablet=\u00bb|||0px|false|false\u00bb custom_margin_phone=\u00bb|||0px|false|false\u00bb custom_margin_last_edited=\u00bbon|tablet\u00bb text_font_size_tablet=\u00bb15px\u00bb text_font_size_phone=\u00bb14px\u00bb text_font_size_last_edited=\u00bbon|phone\u00bb header_font_size_tablet=\u00bb55px\u00bb header_font_size_last_edited=\u00bboff|desktop\u00bb global_colors_info=\u00bb{}\u00bb]<\/p>\n<p>La Facultad de Medicina de la Universidad Nacional Aut\u00f3noma de M\u00e9xico (UNAM), a trav\u00e9s de la Subdivisi\u00f3n de Medicina Familiar de la Divisi\u00f3n de Estudios de Posgrado, gestion\u00f3 ante el Instituto Nacional de Salud P\u00fablica la puesta en marcha de un Plan de Estudios Combinados en Medicina Familiar y Salud P\u00fablica (3+1), mediante el cual la UNAM y el INSP unen esfuerzos para combinar los programas acad\u00e9micos de la Especialidad en Medicina Familiar con los de la Maestr\u00eda en Salud P\u00fablica, con la finalidad de formar a un tipo de profesional m\u00e9dico, necesario para promover la salud, prevenir la enfermedad y mejorar la gesti\u00f3n de los servicios en el primer nivel de atenci\u00f3n de las instituciones del Sistema Nacional de Salud.<\/p>\n<p>Ambas instituciones educativas identificaron que existe la necesidad de desarrollar nuevas competencias en los profesionales de la salud, para enfrentar los retos que plantean la atenci\u00f3n primaria de salud, la salud p\u00fablica y la salud universal en M\u00e9xico. La vinculaci\u00f3n de la Medicina Familiar y la Salud P\u00fablica es muy estrecha, debido a que son los m\u00e9dicos familiares quienes operativamente pueden impulsar acciones relacionadas con la promoci\u00f3n de la salud y la prevenci\u00f3n de enfermedades, as\u00ed como gestionar los servicios de salud en beneficio de la poblaci\u00f3n que atienden y que incluye a personas de ambos sexos y de todas las edades a lo largo de su ciclo de vida.<\/p>\n<p>Con base en lo anterior, el Dr. Javier Santacruz Varela, jefe de la Subdivisi\u00f3n de Medicina Familiar de la Facultad de Medicina de la UNAM y el Dr. Eduardo C\u00e9sar Lazcano Ponce, director del INSP, quienes adem\u00e1s de ser Maestros en Salud P\u00fablica, son especialistas en Medicina Familiar, dialogaron acerca de la necesidad de combinar ambos programas de estudio y formalizarlo a trav\u00e9s de un convenio interinstitucional.<\/p>\n<p>El compromiso para firmar este convenio fue apoyado en forma decisiva por la jefa de la Divisi\u00f3n de Estudios de Posgrado, la doctora Teresita Corona V\u00e1zquez, y el director de la Facultad de Medicina de la UNAM, doctor Germ\u00e1n Fajardo Dolci, quien el 24 de marzo durante el discurso de bienvenida a residentes de Medicina Familiar, anunci\u00f3 que \u201c<em>en colaboraci\u00f3n con el Instituto Nacional de Salud P\u00fablica (INP), se desarrollar\u00e1 un programa de doble titulaci\u00f3n, en el que residentes de Medicina Familiar que concluyan el primer a\u00f1o de la residencia con rendimiento acad\u00e9mico de excelencia, se incorporar\u00e1n a un programa para cursar simult\u00e1neamente la especialidad y la Maestr\u00eda en Salud P\u00fablica<\/em>\u201d.<\/p>\n<p>Por su parte el Dr. Eduardo C\u00e9sar Lazcano Ponce, en la misma fecha y durante la conferencia magistral que dirigi\u00f3 a los residentes, se\u00f1al\u00f3 que \u201c<em>la Salud P\u00fablica constituye una disciplina cient\u00edfica multidisciplinaria, que mantiene sinergia con las especialidades m\u00e9dicas como la Medicina Familiar y que es de esta interacci\u00f3n que, en<span>\u00a0<\/span><\/em><em>colaboraci\u00f3n con la Subdivisi\u00f3n de Medicina Familiar de la Facultad de Medicina de la UNAM, se plantea brindar la opci\u00f3n de cursar la Maestr\u00eda en Salud P\u00fablica a partir del segundo a\u00f1o de la especialidad, sumando un a\u00f1o m\u00e1s a la misma, con una duraci\u00f3n total de cuatro a\u00f1os. Todo en pro de fortalecer al Sistema Nacional de Salud con una pr\u00e1ctica interdisciplinaria y de calidad para lograr la cobertura universal de salud<\/em>\u201d.<\/p>\n<p>El intercambio de ideas entre docentes de la Facultad de Medicina de la UNAM y del INSP, se concret\u00f3 el 10 de agosto de 2023. En el marco de la Inauguraci\u00f3n del Congreso Internacional EPPENS Interprofesionalismo.<\/p>\n<p>La UNAM y el INSP firmaron un convenio hist\u00f3rico de colaboraci\u00f3n, que beneficiar\u00e1 a los estudiantes de pregrado de la licenciatura de M\u00e9dico Cirujano y de posgrado que cursen la especialidad de Medicina Familiar, brind\u00e1ndoles la oportunidad de obtener un grado de maestr\u00eda en Salud P\u00fablica.<\/p>\n<p>[\/et_pb_text][\/et_pb_column][\/et_pb_row][\/et_pb_section][et_pb_section fb_built=\u00bb1&#8243; admin_label=\u00bbSponsors\u00bb _builder_version=\u00bb4.18.0&#8243; _module_preset=\u00bbdefault\u00bb saved_tabs=\u00bball\u00bb locked=\u00bboff\u00bb collapsed=\u00bbon\u00bb global_colors_info=\u00bb{}\u00bb][et_pb_row _builder_version=\u00bb4.18.0&#8243; _module_preset=\u00bbdefault\u00bb global_colors_info=\u00bb{}\u00bb][et_pb_column type=\u00bb4_4&#8243; _builder_version=\u00bb4.18.0&#8243; _module_preset=\u00bbdefault\u00bb global_colors_info=\u00bb{}\u00bb][et_pb_divider color=\u00bbgcid-e850ad88-05af-4ed0-bc88-7082de258f33&#8243; divider_weight=\u00bb4px\u00bb _builder_version=\u00bb4.18.0&#8243; _module_preset=\u00bbdefault\u00bb width=\u00bb100px\u00bb module_alignment=\u00bbcenter\u00bb global_colors_info=\u00bb{%22gcid-e850ad88-05af-4ed0-bc88-7082de258f33%22:%91%22color%22%93}\u00bb][\/et_pb_divider][et_pb_text _builder_version=\u00bb4.22.1&#8243; _module_preset=\u00bb1f09816e-184e-4ce5-a4cf-b39c52c423ca\u00bb text_font=\u00bbPT Sans||||||||\u00bb text_line_height=\u00bb1.4em\u00bb text_orientation=\u00bbcenter\u00bb max_width=\u00bb700px\u00bb module_alignment=\u00bbcenter\u00bb text_font_size_tablet=\u00bb15px\u00bb text_font_size_phone=\u00bb14px\u00bb text_font_size_last_edited=\u00bbon|phone\u00bb header_font_size_tablet=\u00bb55px\u00bb header_font_size_last_edited=\u00bboff|desktop\u00bb global_colors_info=\u00bb{}\u00bb]<\/p>\n<p><strong>Redacci\u00f3n:<\/strong><\/p>\n<p>Dr. Javier Santacruz Varela<\/p>\n<p>Jefe de la Subdivisi\u00f3n de Medicina Familiar<\/p>\n<p>Divisi\u00f3n de Posgrado de la Facultad de Medicina<\/p>\n<p>Universidad Nacional Aut\u00f3noma de M\u00e9xico<\/p>\n<p>[\/et_pb_text][\/et_pb_column][\/et_pb_row][\/et_pb_section]<\/p>\n","protected":false},"excerpt":{"rendered":"<p>Plan de Estudios combinados de la Facultad de Medicina de la UNAM, Medicina Familiar y maestr\u00eda en Salud P\u00fablicaLa Facultad de Medicina de la Universidad Nacional Aut\u00f3noma de M\u00e9xico (UNAM), a trav\u00e9s de la Subdivisi\u00f3n de Medicina Familiar de la Divisi\u00f3n de Estudios de Posgrado, gestion\u00f3 ante el Instituto Nacional de Salud P\u00fablica la puesta [&hellip;]<\/p>\n","protected":false},"author":11,"featured_media":0,"parent":0,"menu_order":0,"comment_status":"closed","ping_status":"closed","template":"","meta":{"_et_pb_use_builder":"on","_et_pb_old_content":"","_et_gb_content_width":"","footnotes":""},"class_list":["post-8301","page","type-page","status-publish","hentry"],"_links":{"self":[{"href":"https:\/\/medfam.fmposgrado.unam.mx\/index.php\/wp-json\/wp\/v2\/pages\/8301","targetHints":{"allow":["GET"]}}],"collection":[{"href":"https:\/\/medfam.fmposgrado.unam.mx\/index.php\/wp-json\/wp\/v2\/pages"}],"about":[{"href":"https:\/\/medfam.fmposgrado.unam.mx\/index.php\/wp-json\/wp\/v2\/types\/page"}],"author":[{"embeddable":true,"href":"https:\/\/medfam.fmposgrado.unam.mx\/index.php\/wp-json\/wp\/v2\/users\/11"}],"replies":[{"embeddable":true,"href":"https:\/\/medfam.fmposgrado.unam.mx\/index.php\/wp-json\/wp\/v2\/comments?post=8301"}],"version-history":[{"count":7,"href":"https:\/\/medfam.fmposgrado.unam.mx\/index.php\/wp-json\/wp\/v2\/pages\/8301\/revisions"}],"predecessor-version":[{"id":8348,"href":"https:\/\/medfam.fmposgrado.unam.mx\/index.php\/wp-json\/wp\/v2\/pages\/8301\/revisions\/8348"}],"wp:attachment":[{"href":"https:\/\/medfam.fmposgrado.unam.mx\/index.php\/wp-json\/wp\/v2\/media?parent=8301"}],"curies":[{"name":"wp","href":"https:\/\/api.w.org\/{rel}","templated":true}]}}