{"id":7227,"date":"2022-12-06T11:40:37","date_gmt":"2022-12-06T17:40:37","guid":{"rendered":"https:\/\/medfam.fmposgrado.unam.mx\/?page_id=7227"},"modified":"2022-12-15T12:25:27","modified_gmt":"2022-12-15T18:25:27","slug":"primer-ingreso-2023","status":"publish","type":"page","link":"https:\/\/medfam.fmposgrado.unam.mx\/index.php\/primer-ingreso-2023\/","title":{"rendered":"Primer ingreso 2023"},"content":{"rendered":"<p>[et_pb_section fb_built=\u00bb1&#8243; _builder_version=\u00bb4.16&#8243; background_enable_image=\u00bboff\u00bb background_size=\u00bbcontain\u00bb background_position=\u00bbtop_center\u00bb width=\u00bb100%\u00bb max_width=\u00bb100%\u00bb custom_margin=\u00bb0px|0px||0px|false|false\u00bb custom_padding=\u00bb20px|0px||0px|false|false\u00bb top_divider_color=\u00bb#e09900&#8243; top_divider_height=\u00bb69px\u00bb global_colors_info=\u00bb{}\u00bb][et_pb_row column_structure=\u00bb2_3,1_3&#8243; _builder_version=\u00bb4.16&#8243; width=\u00bb100%\u00bb custom_margin=\u00bb0px||0px||false|false\u00bb custom_padding=\u00bb0px||0px||false|false\u00bb global_colors_info=\u00bb{}\u00bb][et_pb_column type=\u00bb2_3&#8243; _builder_version=\u00bb4.16&#8243; global_colors_info=\u00bb{}\u00bb][et_pb_text _builder_version=\u00bb4.19.1&#8243; _module_preset=\u00bbdefault\u00bb header_text_align=\u00bbcenter\u00bb header_text_color=\u00bb#E09900&#8243; header_line_height=\u00bb1.3em\u00bb header_font_tablet=\u00bb\u00bb header_font_phone=\u00bb\u00bb header_font_last_edited=\u00bbon|phone\u00bb header_font_size_tablet=\u00bb\u00bb header_font_size_phone=\u00bb26px\u00bb header_font_size_last_edited=\u00bbon|phone\u00bb global_colors_info=\u00bb{}\u00bb]<\/p>\n<h1><span style=\"color: #00447c;\">Inscripciones\u00a0\u00a0<\/span><\/h1>\n<h1><span style=\"color: #008000;\">PRIMER INGRESO 2023-2024<\/span><\/h1>\n<p>[\/et_pb_text][et_pb_text _builder_version=\u00bb4.19.1&#8243; text_font=\u00bbABeeZee||||||||\u00bb text_text_color=\u00bb#000000&#8243; text_line_height=\u00bb1.4em\u00bb header_font_size=\u00bb33px\u00bb header_letter_spacing=\u00bb80px\u00bb header_line_height=\u00bb1.3em\u00bb header_2_font=\u00bbABeeZee||||||||\u00bb header_2_text_color=\u00bb#00447C\u00bb header_2_font_size=\u00bb30px\u00bb header_2_line_height=\u00bb1.2em\u00bb background_color=\u00bb#ffffff\u00bb custom_margin=\u00bb|0px||0px|false|false\u00bb custom_margin_tablet=\u00bb|5px||5px|false|false\u00bb custom_margin_phone=\u00bb|5px||5px|false|false\u00bb custom_margin_last_edited=\u00bbon|phone\u00bb custom_padding=\u00bb2px|||||\u00bb hover_enabled=\u00bb0&#8243; global_colors_info=\u00bb{}\u00bb sticky_enabled=\u00bb0&#8243;]<\/p>\n<p style=\"text-align: justify;\">El Instructivo de Inscripci\u00f3n Primer Ingreso a Especializaciones M\u00e9dicas ha sido publicado en la p\u00e1gina de la Secretar\u00eda de Servicios Escolares de la Facultad de Medicina.<\/p>\n<p style=\"text-align: center;\"><a href=\"https:\/\/medfam.fmposgrado.unam.mx\/wp-content\/uploads\/2022\/12\/Inscripcion_primer_ingreso_especilidad_2023.pdf\" target=\"_blank\" rel=\"noopener\">VER INSTRUCTIVO<\/a><\/p>\n<p style=\"text-align: center;\"><a href=\"https:\/\/medfam.fmposgrado.unam.mx\/wp-content\/uploads\/2022\/12\/calendario_Inscripcion_1\u00b0_ingreso_2023_esp.pdf\" target=\"_blank\" rel=\"noopener\">VER CALENDARIO<\/a><\/p>\n<p style=\"text-align: justify;\">Dirigido a los Residentes que ingresar\u00e1n al ciclo escolar 2023-2024 y que, de acuerdo al calendario escolar publicado previamente, tendr\u00e1n que realizar sus tr\u00e1mites para registrarse del <span style=\"color: #008000;\">9 al 31 de enero y del 1 al 5 de febrero de 2023<\/span>.<\/p>\n<p>&nbsp;<\/p>\n<h2 style=\"text-align: center;\"><span style=\"text-decoration: underline; color: #333399;\">ALUMNOS ECA<\/span><\/h2>\n<p style=\"text-align: center;\"><span style=\"text-decoration: underline; color: #ff0000;\">Nota importante:<\/span><\/p>\n<p style=\"text-align: center;\">Los m\u00e9dicos de ISSEMyM, de SESEQ y de los Servicios de Salud de Sonora, que realizar\u00e1n el registro de primer ingreso a la especializaci\u00f3n en Medicina Familiar deber\u00e1n hacerlo como indica el instructivo, EXCEPTO el pago, el cual deber\u00e1n realizar en el Sistema de Pagos de Posgrado.<\/p>\n<p style=\"text-align: center;\"><span style=\"color: #ff0000;\">La clave para la sede hospitalaria debe ser <strong>417<\/strong> Subdivisi\u00f3n de Medicina Familiar<\/span><\/p>\n<p style=\"text-align: center;\">Para cualquier duda o aclaraci\u00f3n ponerse en contacto con Claudia Guerrero P\u00e9rez, al correo electr\u00f3nico: claudia_personal0111@hotmail.com<\/p>\n<p>[\/et_pb_text][\/et_pb_column][et_pb_column type=\u00bb1_3&#8243; _builder_version=\u00bb4.16&#8243; global_colors_info=\u00bb{}\u00bb][et_pb_image src=\u00bbhttps:\/\/medfam.fmposgrado.unam.mx\/wp-content\/uploads\/2022\/12\/stethoscope-gc814a4709_640.jpg\u00bb title_text=\u00bbstethoscope-gc814a4709_640&#8243; align=\u00bbcenter\u00bb _builder_version=\u00bb4.19.1&#8243; _module_preset=\u00bbdefault\u00bb module_alignment=\u00bbcenter\u00bb global_colors_info=\u00bb{}\u00bb][\/et_pb_image][et_pb_text _builder_version=\u00bb4.19.1&#8243; _module_preset=\u00bbdefault\u00bb global_colors_info=\u00bb{}\u00bb]<\/p>\n<p style=\"text-align: center;\"><strong>R E G I S T R O :<\/strong><\/p>\n<p style=\"text-align: center;\">Del 9 al 31 de enero y <br \/>del 1 al 5 de febrero de 2023<\/p>\n<hr \/>\n<p style=\"text-align: center;\">[\/et_pb_text][et_pb_button button_url=\u00bbhttps:\/\/escolares.facmed.unam.mx\/alumnos\/posgrado\u00bb url_new_window=\u00bbon\u00bb button_text=\u00bbServicios Escolares\u00bb button_alignment=\u00bbcenter\u00bb _builder_version=\u00bb4.16&#8243; _module_preset=\u00bbdefault\u00bb global_colors_info=\u00bb{}\u00bb][\/et_pb_button][et_pb_text _builder_version=\u00bb4.16&#8243; _module_preset=\u00bbdefault\u00bb global_colors_info=\u00bb{}\u00bb]<\/p>\n<hr \/>\n<p>[\/et_pb_text][et_pb_button button_url=\u00bbhttps:\/\/www.admonposgrado.facmed.unam.mx\/SPFACMED\/login.php\u00bb url_new_window=\u00bbon\u00bb button_text=\u00bbSistema de Pagos Posgrado\u00bb button_alignment=\u00bbcenter\u00bb _builder_version=\u00bb4.16&#8243; _module_preset=\u00bbdefault\u00bb global_colors_info=\u00bb{}\u00bb][\/et_pb_button][et_pb_text _builder_version=\u00bb4.19.1&#8243; _module_preset=\u00bbdefault\u00bb global_colors_info=\u00bb{}\u00bb]<\/p>\n<p style=\"text-align: center;\">(Solo para pago de inscripci\u00f3n ISSEMyM, SESEQ Y SS-SONORA)<\/p>\n<p>[\/et_pb_text][\/et_pb_column][\/et_pb_row][\/et_pb_section]<\/p>\n","protected":false},"excerpt":{"rendered":"<p>Inscripciones\u00a0\u00a0 PRIMER INGRESO 2023-2024El Instructivo de Inscripci\u00f3n Primer Ingreso a Especializaciones M\u00e9dicas ha sido publicado en la p\u00e1gina de la Secretar\u00eda de Servicios Escolares de la Facultad de Medicina. VER INSTRUCTIVO VER CALENDARIO Dirigido a los Residentes que ingresar\u00e1n al ciclo escolar 2023-2024 y que, de acuerdo al calendario escolar publicado previamente, tendr\u00e1n que realizar [&hellip;]<\/p>\n","protected":false},"author":11,"featured_media":0,"parent":0,"menu_order":0,"comment_status":"closed","ping_status":"closed","template":"","meta":{"_et_pb_use_builder":"on","_et_pb_old_content":"","_et_gb_content_width":"","footnotes":""},"class_list":["post-7227","page","type-page","status-publish","hentry"],"_links":{"self":[{"href":"https:\/\/medfam.fmposgrado.unam.mx\/index.php\/wp-json\/wp\/v2\/pages\/7227","targetHints":{"allow":["GET"]}}],"collection":[{"href":"https:\/\/medfam.fmposgrado.unam.mx\/index.php\/wp-json\/wp\/v2\/pages"}],"about":[{"href":"https:\/\/medfam.fmposgrado.unam.mx\/index.php\/wp-json\/wp\/v2\/types\/page"}],"author":[{"embeddable":true,"href":"https:\/\/medfam.fmposgrado.unam.mx\/index.php\/wp-json\/wp\/v2\/users\/11"}],"replies":[{"embeddable":true,"href":"https:\/\/medfam.fmposgrado.unam.mx\/index.php\/wp-json\/wp\/v2\/comments?post=7227"}],"version-history":[{"count":16,"href":"https:\/\/medfam.fmposgrado.unam.mx\/index.php\/wp-json\/wp\/v2\/pages\/7227\/revisions"}],"predecessor-version":[{"id":7299,"href":"https:\/\/medfam.fmposgrado.unam.mx\/index.php\/wp-json\/wp\/v2\/pages\/7227\/revisions\/7299"}],"wp:attachment":[{"href":"https:\/\/medfam.fmposgrado.unam.mx\/index.php\/wp-json\/wp\/v2\/media?parent=7227"}],"curies":[{"name":"wp","href":"https:\/\/api.w.org\/{rel}","templated":true}]}}