{"id":6669,"date":"2022-02-08T12:27:16","date_gmt":"2022-02-08T18:27:16","guid":{"rendered":"https:\/\/medfam.fmposgrado.unam.mx\/?page_id=6669"},"modified":"2023-10-10T11:22:15","modified_gmt":"2023-10-10T17:22:15","slug":"eca_mf_2023","status":"publish","type":"page","link":"https:\/\/medfam.fmposgrado.unam.mx\/index.php\/eca_mf_2023\/","title":{"rendered":"ECA_MF_2023"},"content":{"rendered":"<p>[et_pb_section fb_built=\u00bb1&#8243; _builder_version=\u00bb4.16&#8243; background_enable_image=\u00bboff\u00bb background_size=\u00bbcontain\u00bb background_position=\u00bbtop_center\u00bb width=\u00bb100%\u00bb max_width=\u00bb100%\u00bb custom_margin=\u00bb0px|0px||0px|false|false\u00bb custom_padding=\u00bb20px|0px||0px|false|false\u00bb top_divider_color=\u00bb#e09900&#8243; top_divider_height=\u00bb69px\u00bb global_colors_info=\u00bb{}\u00bb][et_pb_row column_structure=\u00bb2_3,1_3&#8243; _builder_version=\u00bb4.16&#8243; width=\u00bb100%\u00bb custom_margin=\u00bb0px||0px||false|false\u00bb custom_padding=\u00bb0px||0px||false|false\u00bb global_colors_info=\u00bb{}\u00bb][et_pb_column type=\u00bb2_3&#8243; _builder_version=\u00bb4.16&#8243; global_colors_info=\u00bb{}\u00bb][et_pb_text _builder_version=\u00bb4.22.1&#8243; _module_preset=\u00bbdefault\u00bb header_line_height=\u00bb1.2em\u00bb global_colors_info=\u00bb{}\u00bb]<\/p>\n<h1><span style=\"color: #861f34;\"><strong>Examen de Competencia Acad\u00e9mica<\/strong><\/span><\/h1>\n<h3><span style=\"color: #400000;\"><strong>Ciclo escolar 2024 &#8211; 2025<\/strong><\/span><\/h3>\n<h4><span style=\"color: #400000;\">Primer periodo<\/span><\/h4>\n<p>[\/et_pb_text][et_pb_text _builder_version=\u00bb4.22.1&#8243; _module_preset=\u00bbdefault\u00bb hover_enabled=\u00bb0&#8243; global_colors_info=\u00bb{}\u00bb sticky_enabled=\u00bb0&#8243;]<\/p>\n<p>Se convoca a todos los m\u00e9dicos nacionales que aspiran a continuar sus estudios de Especializaci\u00f3n en Medicina Familiar en las Instituciones de Salud con reconocimiento de la UNAM, a sustentar el Examen de Competencia Acad\u00e9mica (ECA) correspondiente al ciclo escolar 2024-2025.<\/p>\n<p><span style=\"color: #861f34;\"><strong>Dirigido a:<\/strong><\/span><br \/>M\u00e9dicos residentes de nuevo ingreso y en activo (<strong>ENARM<\/strong>), con un promedio inferior a 8.0 en la licenciatura.<\/p>\n<p><span style=\"color: #861f34;\"><strong>Registro:<\/strong><\/span><br \/>Del <span style=\"color: #861f34;\">24 de octubre<\/span> a las 15:00 horas al <span style=\"color: #861f34;\">16 de noviembre<\/span> a las 16:59 horas, del 2023, horario de la Ciudad de M\u00e9xico.<\/p>\n<p>[\/et_pb_text][et_pb_blurb title=\u00bbFecha de aplicaci\u00f3n del examen: 24 de noviembre de 2023&#8243; use_icon=\u00bbon\u00bb font_icon=\u00bb&#xf51c;||fa||900&#8243; icon_color=\u00bb#861f34&#8243; image_icon_width=\u00bb50px\u00bb _builder_version=\u00bb4.22.1&#8243; _module_preset=\u00bbdefault\u00bb header_font=\u00bb|600|||||||\u00bb header_text_color=\u00bb#861f34&#8243; header_font_size=\u00bb20px\u00bb header_line_height=\u00bb1.2em\u00bb body_text_align=\u00bbcenter\u00bb body_line_height=\u00bb1.5em\u00bb text_orientation=\u00bbcenter\u00bb custom_margin=\u00bb||0px||false|false\u00bb custom_padding=\u00bb||0px||false|false\u00bb hover_enabled=\u00bb0&#8243; global_colors_info=\u00bb{}\u00bb sticky_enabled=\u00bb0&#8243;]<\/p>\n<p>&nbsp;<\/p>\n<p>El examen se aplicar\u00e1 en l\u00ednea a trav\u00e9s de la p\u00e1gina indicada en el comprobante de registro.<\/p>\n<h4><span style=\"color: #861f34;\"><strong>Fecha de aplicaci\u00f3n:<\/strong><\/span><\/h4>\n<p>24 de noviembre de 2023<\/p>\n<h4><span style=\"color: #861f34;\"><strong>Horario de aplicaci\u00f3n<\/strong>:<\/span><\/h4>\n<p><strong>Primer turno<\/strong>: 10:00 a 13:00 horas, horario de la Ciudad de M\u00e9xico.<\/p>\n<p><strong>Segundo turno<\/strong>: 13:00 a 15:00 horas, horario de la Ciudad de M\u00e9xico<\/p>\n<p>[\/et_pb_blurb][\/et_pb_column][et_pb_column type=\u00bb1_3&#8243; _builder_version=\u00bb4.16&#8243; global_colors_info=\u00bb{}\u00bb][et_pb_image src=\u00bbhttps:\/\/medfam.fmposgrado.unam.mx\/wp-content\/uploads\/2023\/10\/ECA-logo-980&#215;519-1.jpg\u00bb title_text=\u00bbECA-logo-980&#215;519&#8243; align=\u00bbcenter\u00bb _builder_version=\u00bb4.22.1&#8243; _module_preset=\u00bbdefault\u00bb global_colors_info=\u00bb{}\u00bb][\/et_pb_image][et_pb_blurb title=\u00bbRevisa la convocatoria\u00bb url=\u00bbhttps:\/\/medfam.fmposgrado.unam.mx\/wp-content\/uploads\/2023\/10\/ECA-24-25.pdf\u00bb url_new_window=\u00bbon\u00bb use_icon=\u00bbon\u00bb font_icon=\u00bb&#x69;||divi||400&#8243; icon_color=\u00bb#861f34&#8243; image_icon_background_color=\u00bbRGBA(255,255,255,0)\u00bb image_icon_width=\u00bb80px\u00bb _builder_version=\u00bb4.22.1&#8243; _module_preset=\u00bbdefault\u00bb header_text_align=\u00bbcenter\u00bb header_text_color=\u00bb#00447C\u00bb text_orientation=\u00bbcenter\u00bb global_colors_info=\u00bb{}\u00bb][\/et_pb_blurb][et_pb_divider _builder_version=\u00bb4.22.1&#8243; _module_preset=\u00bbdefault\u00bb global_colors_info=\u00bb{}\u00bb][\/et_pb_divider][et_pb_button button_url=\u00bbhttps:\/\/www.eca.fmposgrado.unam.mx\/convocatoria_med_fam.html\u00bb url_new_window=\u00bbon\u00bb button_text=\u00bbRegistro\u00bb button_alignment=\u00bbcenter\u00bb _builder_version=\u00bb4.22.1&#8243; _module_preset=\u00bbdefault\u00bb custom_button=\u00bbon\u00bb button_text_color=\u00bb#ffffff\u00bb button_bg_color=\u00bb#861f34&#8243; global_colors_info=\u00bb{}\u00bb][\/et_pb_button][et_pb_text _builder_version=\u00bb4.22.1&#8243; _module_preset=\u00bbdefault\u00bb hover_enabled=\u00bb0&#8243; sticky_enabled=\u00bb0&#8243;]<\/p>\n<p style=\"text-align: center;\"><strong><span style=\"color: #800000;\">El registro estar\u00e1 disponible del:<\/span><\/strong><\/p>\n<p style=\"text-align: center;\"><span style=\"color: #800000;\">24 de octubre a las 15:00 horas al 16 de noviembre a las 16:59 horas<\/span><\/p>\n<p>[\/et_pb_text][\/et_pb_column][\/et_pb_row][\/et_pb_section]<\/p>\n","protected":false},"excerpt":{"rendered":"<p>Examen de Competencia Acad\u00e9mica Ciclo escolar 2024 &#8211; 2025 Primer periodoSe convoca a todos los m\u00e9dicos nacionales que aspiran a continuar sus estudios de Especializaci\u00f3n en Medicina Familiar en las Instituciones de Salud con reconocimiento de la UNAM, a sustentar el Examen de Competencia Acad\u00e9mica (ECA) correspondiente al ciclo escolar 2024-2025. Dirigido a:M\u00e9dicos residentes de [&hellip;]<\/p>\n","protected":false},"author":11,"featured_media":0,"parent":0,"menu_order":0,"comment_status":"closed","ping_status":"closed","template":"","meta":{"_et_pb_use_builder":"on","_et_pb_old_content":"","_et_gb_content_width":"","footnotes":""},"class_list":["post-6669","page","type-page","status-publish","hentry"],"_links":{"self":[{"href":"https:\/\/medfam.fmposgrado.unam.mx\/index.php\/wp-json\/wp\/v2\/pages\/6669","targetHints":{"allow":["GET"]}}],"collection":[{"href":"https:\/\/medfam.fmposgrado.unam.mx\/index.php\/wp-json\/wp\/v2\/pages"}],"about":[{"href":"https:\/\/medfam.fmposgrado.unam.mx\/index.php\/wp-json\/wp\/v2\/types\/page"}],"author":[{"embeddable":true,"href":"https:\/\/medfam.fmposgrado.unam.mx\/index.php\/wp-json\/wp\/v2\/users\/11"}],"replies":[{"embeddable":true,"href":"https:\/\/medfam.fmposgrado.unam.mx\/index.php\/wp-json\/wp\/v2\/comments?post=6669"}],"version-history":[{"count":60,"href":"https:\/\/medfam.fmposgrado.unam.mx\/index.php\/wp-json\/wp\/v2\/pages\/6669\/revisions"}],"predecessor-version":[{"id":8299,"href":"https:\/\/medfam.fmposgrado.unam.mx\/index.php\/wp-json\/wp\/v2\/pages\/6669\/revisions\/8299"}],"wp:attachment":[{"href":"https:\/\/medfam.fmposgrado.unam.mx\/index.php\/wp-json\/wp\/v2\/media?parent=6669"}],"curies":[{"name":"wp","href":"https:\/\/api.w.org\/{rel}","templated":true}]}}