{"id":6145,"date":"2021-08-06T15:18:33","date_gmt":"2021-08-06T20:18:33","guid":{"rendered":"https:\/\/medfam.fmposgrado.unam.mx\/?page_id=6145"},"modified":"2023-06-02T14:50:50","modified_gmt":"2023-06-02T19:50:50","slug":"emf1_21","status":"publish","type":"page","link":"https:\/\/medfam.fmposgrado.unam.mx\/index.php\/emf1_21\/","title":{"rendered":"EMF1_21"},"content":{"rendered":"<p>[et_pb_section fb_built=\u00bb1&#8243; custom_padding_last_edited=\u00bbon|tablet\u00bb next_background_color=\u00bb#ffffff\u00bb admin_label=\u00bbHero\u00bb _builder_version=\u00bb4.16&#8243; use_background_color_gradient=\u00bbon\u00bb background_color_gradient_type=\u00bbcircular\u00bb background_color_gradient_direction_radial=\u00bbtop right\u00bb background_color_gradient_stops=\u00bbrgba(255,255,255,0) 20%|rgba(1,77,183,0.9) 100%\u00bb background_color_gradient_overlays_image=\u00bbon\u00bb background_color_gradient_start=\u00bbrgba(255,255,255,0)\u00bb background_color_gradient_start_position=\u00bb20%\u00bb background_color_gradient_end=\u00bbrgba(1,77,183,0.9)\u00bb background_image=\u00bbhttps:\/\/medfam.fmposgrado.unam.mx\/wp-content\/uploads\/2021\/05\/family-doctor-018.jpg\u00bb custom_padding=\u00bb110px|0px|160px|0px|false|false\u00bb custom_padding_tablet=\u00bb50px||50px||true\u00bb custom_padding_phone=\u00bb|||\u00bb bottom_divider_style=\u00bbasymmetric\u00bb bottom_divider_height=\u00bb50px\u00bb bottom_divider_flip=\u00bbhorizontal\u00bb bottom_divider_height_tablet=\u00bb90px\u00bb bottom_divider_height_phone=\u00bb80px\u00bb global_colors_info=\u00bb{}\u00bb][et_pb_row column_structure=\u00bb2_3,1_3&#8243; _builder_version=\u00bb4.16&#8243; custom_width_px=\u00bb1280px\u00bb global_colors_info=\u00bb{}\u00bb][et_pb_column type=\u00bb2_3&#8243; _builder_version=\u00bb4.16&#8243; custom_padding=\u00bb|||\u00bb global_colors_info=\u00bb{}\u00bb custom_padding__hover=\u00bb|||\u00bb][et_pb_text _builder_version=\u00bb4.16&#8243; text_font=\u00bbMontserrat||||||||\u00bb text_text_color=\u00bbrgba(255,255,255,0.7)\u00bb text_font_size=\u00bb20px\u00bb text_line_height=\u00bb1.8em\u00bb header_font=\u00bbMontserrat|700|||||||\u00bb header_font_size=\u00bb44px\u00bb header_line_height=\u00bb1.4em\u00bb header_6_font=\u00bbMontserrat|600||on|||||\u00bb header_6_text_color=\u00bbrgba(255,255,255,0.7)\u00bb header_6_font_size=\u00bb16px\u00bb header_6_letter_spacing=\u00bb2px\u00bb header_6_line_height=\u00bb1.5em\u00bb background_layout=\u00bbdark\u00bb max_width=\u00bb780px\u00bb text_font_size_tablet=\u00bb\u00bb text_font_size_phone=\u00bb15px\u00bb text_font_size_last_edited=\u00bbon|phone\u00bb header_font_size_tablet=\u00bb\u00bb header_font_size_phone=\u00bb28px\u00bb header_font_size_last_edited=\u00bbon|phone\u00bb global_colors_info=\u00bb{}\u00bb]<\/p>\n<h5>SEMINARIO DE ATENCI\u00d3N M\u00c9DICA<\/h5>\n<h1>Estudio M\u00e9dico de la Familia I<\/h1>\n<p>[\/et_pb_text][\/et_pb_column][et_pb_column type=\u00bb1_3&#8243; _builder_version=\u00bb4.16&#8243; custom_padding=\u00bb|||\u00bb global_colors_info=\u00bb{}\u00bb custom_padding__hover=\u00bb|||\u00bb][\/et_pb_column][\/et_pb_row][\/et_pb_section][et_pb_section fb_built=\u00bb1&#8243; specialty=\u00bbon\u00bb padding_top_2=\u00bb0px\u00bb admin_label=\u00bbSales\u00bb _builder_version=\u00bb4.16&#8243; custom_margin=\u00bb0px||0px||false|false\u00bb custom_padding=\u00bb80px|0px|0px|0px|false|false\u00bb global_colors_info=\u00bb{}\u00bb][et_pb_column type=\u00bb2_3&#8243; specialty_columns=\u00bb2&#8243; _builder_version=\u00bb4.16&#8243; custom_padding=\u00bb|||\u00bb global_colors_info=\u00bb{}\u00bb custom_padding__hover=\u00bb|||\u00bb][et_pb_row_inner custom_padding_last_edited=\u00bbon|phone\u00bb _builder_version=\u00bb4.16&#8243; background_color=\u00bb#014db7&#8243; use_background_color_gradient=\u00bbon\u00bb background_color_gradient_type=\u00bbcircular\u00bb background_color_gradient_direction_radial=\u00bbright\u00bb background_color_gradient_stops=\u00bbrgba(1,77,183,0.2) 0%|rgba(1,77,183,0.9) 50%\u00bb background_color_gradient_overlays_image=\u00bbon\u00bb background_color_gradient_start=\u00bbrgba(1,77,183,0.2)\u00bb background_color_gradient_end=\u00bbrgba(1,77,183,0.9)\u00bb background_color_gradient_end_position=\u00bb50%\u00bb background_image=\u00bbhttps:\/\/medfam.fmposgrado.unam.mx\/wp-content\/uploads\/2021\/05\/health-clinic-67.jpg\u00bb custom_margin_tablet=\u00bb|||10%\u00bb custom_padding=\u00bb60px|60px|60px|60px|true|true\u00bb custom_padding_tablet=\u00bb\u00bb custom_padding_phone=\u00bb30px|30px|30px|30px|true|true\u00bb border_radii=\u00bbon|6px|6px|6px|6px\u00bb global_colors_info=\u00bb{}\u00bb][et_pb_column_inner saved_specialty_column_type=\u00bb3_4&#8243; _builder_version=\u00bb4.16&#8243; custom_padding=\u00bb|||\u00bb global_colors_info=\u00bb{}\u00bb custom_padding__hover=\u00bb|||\u00bb][et_pb_text _builder_version=\u00bb4.16&#8243; text_font=\u00bbMontserrat||||||||\u00bb text_line_height=\u00bb1.8em\u00bb header_font=\u00bb||||||||\u00bb header_line_height=\u00bb1.8em\u00bb header_2_font=\u00bbMontserrat|700|||||||\u00bb header_2_font_size=\u00bb40px\u00bb header_2_line_height=\u00bb1.4em\u00bb header_6_font=\u00bbMontserrat|600||on|||||\u00bb header_6_font_size=\u00bb16px\u00bb header_6_letter_spacing=\u00bb2px\u00bb header_6_line_height=\u00bb1.5em\u00bb background_layout=\u00bbdark\u00bb max_width=\u00bb600px\u00bb custom_margin=\u00bb|||\u00bb header_2_font_size_tablet=\u00bb\u00bb header_2_font_size_phone=\u00bb24px\u00bb header_2_font_size_last_edited=\u00bbon|phone\u00bb locked=\u00bboff\u00bb global_colors_info=\u00bb{}\u00bb]<\/p>\n<h6>Profesores:<\/h6>\n<h3>Dr. Isa\u00edas Hern\u00e1ndez Torres<\/h3>\n<h3>Dr. Miguel \u00c1ngel Hern\u00e1ndez Hern\u00e1ndez<\/h3>\n<p>[\/et_pb_text][et_pb_text _builder_version=\u00bb4.16&#8243; _module_preset=\u00bbdefault\u00bb global_colors_info=\u00bb{}\u00bb]<\/p>\n<h3><span style=\"color: #ffffff;\">Sesiones virtuales:<\/span><\/h3>\n<h3><span style=\"color: #ffffff;\">Viernes\u00a0de 16:00 a 17:30 horas<\/span><\/h3>\n<div><span style=\"color: #ffffff;\"><a style=\"color: #ffffff;\" href=\"https:\/\/www.youtube.com\/channel\/UCWmZnQxaEOAIUKWCaKvg5Mw\" target=\"_blank\" rel=\"noopener\">A trav\u00e9s de YouTube<\/a><\/span><\/div>\n<p>[\/et_pb_text][\/et_pb_column_inner][\/et_pb_row_inner][\/et_pb_column][et_pb_column type=\u00bb1_3&#8243; _builder_version=\u00bb4.16&#8243; custom_padding=\u00bb|||\u00bb global_colors_info=\u00bb{}\u00bb custom_padding__hover=\u00bb|||\u00bb][et_pb_blurb title=\u00bbEvaluaci\u00f3n:\u00bb use_icon=\u00bbon\u00bb font_icon=\u00bb&#xe0f7;||divi||400&#8243; icon_color=\u00bb#ffffff\u00bb image_icon_background_color=\u00bb#ff9900&#8243; icon_placement=\u00bbleft\u00bb image_icon_width=\u00bb20px\u00bb content_max_width=\u00bb600px\u00bb _builder_version=\u00bb4.16&#8243; header_font=\u00bbMontserrat|600|||||||\u00bb header_text_color=\u00bb#ff9900&#8243; header_line_height=\u00bb1.5em\u00bb body_font=\u00bbMontserrat||||||||\u00bb body_text_align=\u00bbcenter\u00bb body_font_size=\u00bb14px\u00bb body_line_height=\u00bb2em\u00bb background_color=\u00bb#ffe2b5&#8243; use_background_color_gradient=\u00bbon\u00bb background_color_gradient_type=\u00bbcircular\u00bb background_color_gradient_direction_radial=\u00bbright\u00bb background_color_gradient_stops=\u00bbrgba(255,226,181,0.3) 20%|#ffe2b5 100%\u00bb background_color_gradient_overlays_image=\u00bbon\u00bb background_color_gradient_start=\u00bbrgba(255,226,181,0.3)\u00bb background_color_gradient_start_position=\u00bb20%\u00bb background_color_gradient_end=\u00bb#ffe2b5&#8243; background_image=\u00bbhttps:\/\/medfam.fmposgrado.unam.mx\/wp-content\/uploads\/2021\/05\/pharmacy-09-1.jpg\u00bb image_icon_custom_padding=\u00bb8px|8px|8px|8px|false|false\u00bb text_orientation=\u00bbcenter\u00bb background_layout=\u00bbdark\u00bb custom_margin=\u00bb|||\u00bb custom_margin_tablet=\u00bb||30px|\u00bb custom_margin_phone=\u00bb|||\u00bb custom_margin_last_edited=\u00bboff|desktop\u00bb custom_padding=\u00bb20px|20px|20px|20px|true|true\u00bb animation_style=\u00bbfold\u00bb animation_delay=\u00bb300ms\u00bb animation_intensity_fold=\u00bb30%\u00bb animation=\u00bboff\u00bb border_radii=\u00bbon|6px|6px|6px|6px\u00bb border_radii_image=\u00bbon|100%|100%|100%|100%\u00bb border_width_all_image=\u00bb2px\u00bb border_color_all_image=\u00bbrgba(12,7,8,0)\u00bb icon_font_size=\u00bb20px\u00bb use_circle=\u00bbon\u00bb use_circle_border=\u00bbon\u00bb circle_border_color=\u00bbrgba(12,7,8,0)\u00bb circle_color=\u00bb#ff9900&#8243; locked=\u00bboff\u00bb global_colors_info=\u00bb{}\u00bb image_icon_background_color__sticky_enabled=\u00bb#003f87&#8243; image_icon_background_color__sticky=\u00bb#003f87&#8243;]<\/p>\n<p><span style=\"color: #333333;\">Abre: Viernes 05 de noviembre a partir de las 17:45 pm<\/span><br \/><span style=\"color: #333333;\">Cierra: S\u00e1bado 06 de noviembre a las 20:30 pm<\/span><\/p>\n<p><span style=\"color: #333333;\">A trav\u00e9s de la plataforma moodle de la Subdivisi\u00f3n de Medicina Familiar<\/span><\/p>\n<p>[\/et_pb_blurb][\/et_pb_column][\/et_pb_section][et_pb_section fb_built=\u00bb1&#8243; _builder_version=\u00bb4.16&#8243; custom_margin=\u00bb0px||||false|false\u00bb custom_padding=\u00bb0px||||false|false\u00bb global_colors_info=\u00bb{}\u00bb][et_pb_row _builder_version=\u00bb4.16&#8243; custom_margin=\u00bb0px||0px||false|false\u00bb custom_padding=\u00bb0px||0px||false|false\u00bb locked=\u00bboff\u00bb global_colors_info=\u00bb{}\u00bb][et_pb_column type=\u00bb4_4&#8243; _builder_version=\u00bb4.16&#8243; custom_padding=\u00bb|||\u00bb global_colors_info=\u00bb{}\u00bb custom_padding__hover=\u00bb|||\u00bb][et_pb_text _builder_version=\u00bb4.16&#8243; text_font=\u00bbMontserrat||||||||\u00bb text_line_height=\u00bb1.8em\u00bb link_font=\u00bbMontserrat|700|||||||\u00bb link_text_color=\u00bb#fa546d\u00bb link_font_size=\u00bb22px\u00bb link_line_height=\u00bb1.5em\u00bb ul_font=\u00bb||||||||\u00bb header_font=\u00bb||||||||\u00bb header_2_font=\u00bbMontserrat|700|||||||\u00bb header_2_font_size=\u00bb40px\u00bb header_2_line_height=\u00bb1.4em\u00bb header_6_font=\u00bbMontserrat|600||on|||||\u00bb header_6_text_color=\u00bb#24d9e2&#8243; header_6_font_size=\u00bb16px\u00bb header_6_letter_spacing=\u00bb2px\u00bb header_6_line_height=\u00bb1.5em\u00bb text_orientation=\u00bbcenter\u00bb max_width=\u00bb700px\u00bb max_width_last_edited=\u00bboff|desktop\u00bb module_alignment=\u00bbcenter\u00bb custom_margin=\u00bb|||\u00bb custom_padding=\u00bb|||\u00bb header_2_font_size_tablet=\u00bb\u00bb header_2_font_size_phone=\u00bb24px\u00bb header_2_font_size_last_edited=\u00bbon|phone\u00bb locked=\u00bboff\u00bb global_colors_info=\u00bb{}\u00bb]<\/p>\n<h2>Temario:<\/h2>\n<p>[\/et_pb_text][et_pb_text _builder_version=\u00bb4.16&#8243; _module_preset=\u00bbdefault\u00bb custom_padding=\u00bb|||2px||\u00bb global_colors_info=\u00bb{}\u00bb]<\/p>\n<p><strong><span style=\"color: #666699;\">Tema:<\/span>\u00a0<\/strong><\/p>\n<ul>\n<li>Modelo de atenci\u00f3n centrada en el paciente y la familia (<strong><a href=\"https:\/\/medfam.fmposgrado.unam.mx\/wp-content\/uploads\/2021\/11\/MODELO-DE-ATN-CENTRADA-EN-EL-PAC.pdf\" target=\"_blank\" rel=\"noopener\">Presentaci\u00f3n PDF<\/a><\/strong>)<\/li>\n<\/ul>\n<p><strong><span style=\"color: #666699;\">Fecha: 29 de octubre de 2021<\/span><\/strong><\/p>\n<p>Lectura recomendada:<\/p>\n<ul>\n<li><a href=\"https:\/\/medfam.fmposgrado.unam.mx\/wp-content\/uploads\/2021\/10\/Lectura-de-apoyo-al-tema-MCP.pdf\" target=\"_blank\" rel=\"noopener\">La medicina centrada en el paciente como m\u00e9todo cl\u00ednico<\/a><\/li>\n<\/ul>\n<hr \/>\n<p>&nbsp;<\/p>\n<p>[\/et_pb_text][et_pb_text _builder_version=\u00bb4.16&#8243; _module_preset=\u00bbdefault\u00bb custom_padding=\u00bb|||2px||\u00bb global_colors_info=\u00bb{}\u00bb]<\/p>\n<p><strong><span style=\"color: #666699;\">Tema:<\/span>\u00a0<\/strong><\/p>\n<ul>\n<li>Modelos de relaci\u00f3n m\u00e9dico-paciente (<strong><a href=\"https:\/\/medfam.fmposgrado.unam.mx\/wp-content\/uploads\/2021\/10\/MODELOS-DE-RELACION-MEDICO-PACIENTE.pdf\" target=\"_blank\" rel=\"noopener\">Presentaci\u00f3n PDF<\/a><\/strong>)<\/li>\n<\/ul>\n<p><strong><span style=\"color: #666699;\">Fecha: 22 de octubre de 2021<\/span><\/strong><\/p>\n<p>Lectura recomendada:<\/p>\n<ul>\n<li><a href=\"https:\/\/medfam.fmposgrado.unam.mx\/wp-content\/uploads\/2021\/10\/Emanuel-E-4-modelos-de-relacion-MP.pdf\" target=\"_blank\" rel=\"noopener\">Modelos de relaci\u00f3n M\u00e9dico-Paciente<\/a><\/li>\n<\/ul>\n<hr \/>\n<p>&nbsp;<\/p>\n<p>[\/et_pb_text][et_pb_text _builder_version=\u00bb4.16&#8243; _module_preset=\u00bbdefault\u00bb custom_padding=\u00bb|||2px||\u00bb global_colors_info=\u00bb{}\u00bb]<\/p>\n<p><strong><span style=\"color: #666699;\">Tema:<\/span>\u00a0<\/strong><\/p>\n<ul>\n<li>Transferencia &#8211; Contratransferencia y Rapport (<a href=\"http:\/\/medfam.facmed.unam.mx\/wp-content\/uploads\/2021\/10\/Transferencia-\u2013-CT-y-Rapport.pdf\" target=\"_blank\" rel=\"noopener\"><strong>Presentaci\u00f3n PDF<\/strong><\/a>)<\/li>\n<\/ul>\n<p><strong><span style=\"color: #666699;\">Fecha: 15 de octubre de 2021<\/span><\/strong><\/p>\n<hr \/>\n<p>&nbsp;<\/p>\n<p>[\/et_pb_text][et_pb_text _builder_version=\u00bb4.16&#8243; _module_preset=\u00bbdefault\u00bb custom_padding=\u00bb|||2px||\u00bb global_colors_info=\u00bb{}\u00bb]<strong><span style=\"color: #666699;\">Tema:<\/span>\u00a0<\/strong><\/p>\n<ul>\n<li>Empat\u00eda y Aprender a escuchar (<a href=\"http:\/\/medfam.facmed.unam.mx\/wp-content\/uploads\/2021\/10\/Empatia-y-Aprender-a-Escuchar.pdf\" target=\"_blank\" rel=\"noopener\"><strong>Presentaci\u00f3n PDF<\/strong><\/a>)<\/li>\n<\/ul>\n<p><strong><span style=\"color: #666699;\">Fecha: 08 de octubre<\/span><\/strong><\/p>\n<p>Lectura recomendada:<\/p>\n<ul>\n<li><a href=\"http:\/\/medfam.facmed.unam.mx\/wp-content\/uploads\/2021\/10\/Lectura-de-apoyo-Empatia.pdf\" target=\"_blank\" rel=\"noopener\">Comunicaci\u00f3n m\u00e9dico-paciente en Medicina Familiar<\/a><\/li>\n<\/ul>\n<hr \/>\n<p>&nbsp;<br \/>\n[\/et_pb_text][et_pb_text _builder_version=\u00bb4.16&#8243; _module_preset=\u00bbdefault\u00bb custom_padding=\u00bb|||2px||\u00bb global_colors_info=\u00bb{}\u00bb]<strong><span style=\"color: #666699;\">Tema:<\/span>\u00a0<\/strong><\/p>\n<ul>\n<li>Axiomas de la comunicaci\u00f3n<\/li>\n<li>Proxemia<\/li>\n<\/ul>\n<p><strong><span style=\"color: #666699;\">Fecha: 01 de octubre<\/span><\/strong><\/p>\n<p>Lectura recomendada:<\/p>\n<ul>\n<li><a href=\"http:\/\/medfam.facmed.unam.mx\/wp-content\/uploads\/2021\/09\/Lectura-axiomas-de-la-comunicacion.pdf\" target=\"_blank\" rel=\"noopener\">Teor\u00eda de la comunicaci\u00f3n humana<\/a><\/li>\n<li><a href=\"http:\/\/medfam.facmed.unam.mx\/wp-content\/uploads\/2021\/09\/Lectura-de-apoyo-tema-Proxemia.pdf\" target=\"_blank\" rel=\"noopener\">La dimensi\u00f3n oculta<\/a><\/li>\n<\/ul>\n<p>&nbsp;<\/p>\n<hr \/>\n<p>&nbsp;<br \/>\n[\/et_pb_text][et_pb_text _builder_version=\u00bb4.16&#8243; _module_preset=\u00bbdefault\u00bb custom_padding=\u00bb|||2px||\u00bb global_colors_info=\u00bb{}\u00bb]<\/p>\n<p><strong><span style=\"color: #666699;\">Tema:<\/span>\u00a0<\/strong><\/p>\n<ul>\n<li>Teor\u00eda general de la comunicaci\u00f3n humana y Niveles ling\u00fc\u00edsticos de la comunicaci\u00f3n (<a href=\"http:\/\/medfam.facmed.unam.mx\/wp-content\/uploads\/2021\/09\/Teoria-general-de-la-Comunicacion-humana-y-niveles-ling.pdf\" target=\"_blank\" rel=\"noopener\"><strong>Presentaci\u00f3n PDF<\/strong><\/a>)<\/li>\n<\/ul>\n<p><strong><span style=\"color: #666699;\">Fecha: 23 de septiembre<\/span><\/strong><\/p>\n<h3><span style=\"color: #808080;\"><strong>Actividad por sede:<\/strong><\/span><\/h3>\n<p>Analizar el siguiente video en forma grupal (por sede) aplicando los conceptos de la teor\u00eda general de la comunicaci\u00f3n humana y los niveles ling\u00fc\u00edsticos de la comunicaci\u00f3n revisados en la sesi\u00f3n acad\u00e9mica. Realizar un s\u00f3lo archivo donde se incluya el nombre de la sede, los participantes en la actividad y el an\u00e1lisis realizado del video. Mandar el archivo al correo: mahh_11@yahoo.com.mx<\/p>\n<p>Fecha l\u00edmite para enviar la actividad: <strong>08 de octubre de 2021<br \/><\/strong><a href=\"https:\/\/www.youtube.com\/watch?v=yTuG3T5sY_w\" target=\"_blank\" rel=\"noopener\"><strong>Video: Concurso abecedario<\/strong><\/a><\/p>\n<hr \/>\n<p>[\/et_pb_text][et_pb_text _builder_version=\u00bb4.16&#8243; _module_preset=\u00bbdefault\u00bb custom_padding=\u00bb|||2px||\u00bb global_colors_info=\u00bb{}\u00bb]<strong><span style=\"color: #666699;\">Tema:<\/span>\u00a0<\/strong><\/p>\n<ul>\n<li>Genograma. Uso en la consulta de medicina familiar (<a href=\"http:\/\/medfam.facmed.unam.mx\/wp-content\/uploads\/2021\/09\/Interpretacion-de-Genogramas.pdf\" target=\"_blank\" rel=\"noopener\"><strong>Presentaci\u00f3n PDF<\/strong><\/a>)<\/li>\n<\/ul>\n<p><strong><span style=\"color: #666699;\">Fecha: 17 de septiembre<\/span><\/strong><\/p>\n<p>Lectura recomendada:<\/p>\n<ul>\n<li><a href=\"http:\/\/medfam.facmed.unam.mx\/wp-content\/uploads\/2021\/09\/Articulo-genogramas-CARG.pdf\" target=\"_blank\" rel=\"noopener\">Art\u00edculo genograma CARG<\/a><\/li>\n<\/ul>\n<h2><\/h2>\n<h2>Actividad por sede:<\/h2>\n<p>Realicen un an\u00e1lisis del <a href=\"http:\/\/medfam.facmed.unam.mx\/wp-content\/uploads\/2021\/09\/Genograma-familia-GA.pdf\" target=\"_blank\" rel=\"noopener\"><strong>genograma<\/strong><\/a> y elaboren un archivo donde incluyan una interpretaci\u00f3n de los diez puntos revisados en la sesi\u00f3n acad\u00e9mica y un onceavo punto que incluya el diagn\u00f3stico y tratamiento o procedimiento que realizar\u00edan.<\/p>\n<p>Pueden entregar el archivo con los once puntos en formato de word, power point o PDF. El archivo deber\u00e1 incluir el nombre de la sede, los nombres de los participantes y el an\u00e1lisis del genograma. Tienen hasta el <strong>01 de octubre<\/strong> para enviar el trabajo al siguiente correo: mahh_11@yahoo.com.mx<\/p>\n<hr \/>\n<p>[\/et_pb_text][et_pb_text _builder_version=\u00bb4.16&#8243; _module_preset=\u00bbdefault\u00bb custom_padding=\u00bb|||2px||\u00bb global_colors_info=\u00bb{}\u00bb]<strong><span style=\"color: #666699;\">Tema:<\/span>\u00a0<\/strong><\/p>\n<ul>\n<li>Influencia de la din\u00e1mica familiar en el proceso salud-enfermedad (<a href=\"http:\/\/medfam.facmed.unam.mx\/wp-content\/uploads\/2021\/09\/Dinamica-de-la-familia.pdf\" target=\"_blank\" rel=\"noopener\"><strong>Presentaci\u00f3n PDF<\/strong><\/a>)<\/li>\n<\/ul>\n<p><strong><span style=\"color: #666699;\">Fecha: 10 de septiembre<\/span><\/strong><\/p>\n<hr \/>\n<p>[\/et_pb_text][et_pb_text _builder_version=\u00bb4.16&#8243; _module_preset=\u00bbdefault\u00bb custom_padding=\u00bb|||2px||\u00bb global_colors_info=\u00bb{}\u00bb]<strong><span style=\"color: #666699;\">Tema:<\/span>\u00a0<\/strong><\/p>\n<ul>\n<li>Crisis familiares en el proceso salud-enfermedad (<a href=\"http:\/\/medfam.facmed.unam.mx\/wp-content\/uploads\/2021\/09\/Crisis-familiares.pdf\" target=\"_blank\" rel=\"noopener\"><strong>Presentaci\u00f3n PDF<\/strong><\/a>)<\/li>\n<\/ul>\n<p><strong><span style=\"color: #666699;\">Fecha: 03 de septiembre<\/span><\/strong><\/p>\n<p>Lectura recomendada:<\/p>\n<ul>\n<li><a href=\"http:\/\/medfam.facmed.unam.mx\/wp-content\/uploads\/2021\/09\/Crisis-familiares_Articulo.pdf\" target=\"_blank\" rel=\"noopener\">Las crisis familiares. Art\u00edculo<\/a><\/li>\n<\/ul>\n<hr \/>\n<p>[\/et_pb_text][et_pb_text _builder_version=\u00bb4.16&#8243; _module_preset=\u00bbdefault\u00bb global_colors_info=\u00bb{}\u00bb]<strong><span style=\"color: #666699;\">Tema:<\/span>\u00a0<\/strong><\/p>\n<ul>\n<li>Impacto en la salud familiar, riesgos y acciones anticipatorias en el ciclo de vida familiar (<a href=\"http:\/\/medfam.facmed.unam.mx\/wp-content\/uploads\/2021\/08\/4.-Ciclo-evolutivo-familiar.pdf\" target=\"_blank\" rel=\"noopener\"><strong>Presentaci\u00f3n en PDF<\/strong><\/a>)<\/li>\n<\/ul>\n<p><strong><span style=\"color: #666699;\">Fecha: 27 de agosto<\/span><\/strong> Lectura recomendada:<\/p>\n<ul>\n<li><a href=\"http:\/\/medfam.facmed.unam.mx\/wp-content\/uploads\/2021\/08\/Libro-Orientacion-Familiar-cap5.pdf\" target=\"_blank\" rel=\"noopener\">Cap\u00edtulo 5: Ciclo vital de la familia. Libro Orientaci\u00f3n Familiar<\/a><\/li>\n<li><a href=\"http:\/\/medfam.facmed.unam.mx\/wp-content\/uploads\/2021\/08\/3a.-Ciclos-de-vida-familiar.pdf\" target=\"_blank\" rel=\"noopener\">Ciclos de vida familiar (tablas)<\/a><\/li>\n<\/ul>\n<hr \/>\n<p>[\/et_pb_text][et_pb_text _builder_version=\u00bb4.16&#8243; _module_preset=\u00bbdefault\u00bb global_colors_info=\u00bb{}\u00bb]<strong><span style=\"color: #666699;\">Tema:<\/span>\u00a0<\/strong><\/p>\n<ul>\n<li>Familia contempor\u00e1nea<strong> (<\/strong><a href=\"http:\/\/medfam.facmed.unam.mx\/wp-content\/uploads\/2021\/08\/LA-FAMILA-CONTEMPORANEA.pdf\" target=\"_blank\" rel=\"noopener\">Presentaci\u00f3n en PDF<\/a><strong>)<\/strong><\/li>\n<\/ul>\n<p><strong><span style=\"color: #666699;\">Fecha: 20 de agosto<\/span><\/strong><\/p>\n<p>Lectura recomendada:<\/p>\n<ul>\n<li><a href=\"http:\/\/medfam.facmed.unam.mx\/wp-content\/uploads\/2021\/08\/FAMILI_1.pdf\" target=\"_blank\" rel=\"noopener\">La familia homoparental en la realidad y la diversidad familiar actual<\/a><\/li>\n<li><a href=\"http:\/\/medfam.facmed.unam.mx\/wp-content\/uploads\/2021\/08\/Nuevos-modelos-de-familia.pdf\" target=\"_blank\" rel=\"noopener\">Nuevos modelos de familia y l\u00e9xico espa\u00f1ol actual<\/a><\/li>\n<\/ul>\n<hr \/>\n<p>[\/et_pb_text][et_pb_text _builder_version=\u00bb4.16&#8243; _module_preset=\u00bbdefault\u00bb global_colors_info=\u00bb{}\u00bb]<strong>Temas:\u00a0<\/strong><\/p>\n<ul>\n<li><a href=\"http:\/\/medfam.facmed.unam.mx\/wp-content\/uploads\/2021\/08\/Conceptos-de-Familia-prezi.pdf\" target=\"_blank\" rel=\"noopener\">Conceptos de familia (<strong>Presentaci\u00f3n en PDF<\/strong>)<\/a><\/li>\n<li><a href=\"http:\/\/medfam.facmed.unam.mx\/wp-content\/uploads\/2021\/08\/3-Tipologia-familiar.pdf\" target=\"_blank\" rel=\"noopener\">Clasificaci\u00f3n de familias (<strong>Presentaci\u00f3n en PDF<\/strong>)<\/a><\/li>\n<\/ul>\n<p><strong><span style=\"color: #666699;\">Fecha: 13 de agosto<\/span><\/strong><\/p>\n<p>Lectura recomendada:<\/p>\n<ul>\n<li><a href=\"http:\/\/medfam.facmed.unam.mx\/wp-content\/uploads\/2021\/08\/Tema1_Elementos_esenciales_Consenso-_Mexicano_2005.pdf\" target=\"_blank\" rel=\"noopener\">Elementos esenciales de la medicina familiar<\/a><\/li>\n<li><a href=\"http:\/\/medfam.facmed.unam.mx\/wp-content\/uploads\/2021\/08\/Libro-Orientacion-Familiar-Cap1.pdf\" target=\"_blank\" rel=\"noopener\">Libro Orientaci\u00f3n familiar. Capitulo 1<\/a><\/li>\n<\/ul>\n<hr \/>\n<p>[\/et_pb_text][\/et_pb_column][\/et_pb_row][\/et_pb_section][et_pb_section fb_built=\u00bb1&#8243; custom_padding_last_edited=\u00bboff|desktop\u00bb prev_background_color=\u00bb#ffffff\u00bb admin_label=\u00bbFooter\u00bb _builder_version=\u00bb4.16&#8243; use_background_color_gradient=\u00bbon\u00bb background_color_gradient_type=\u00bbcircular\u00bb background_color_gradient_direction_radial=\u00bbtop right\u00bb background_color_gradient_stops=\u00bbrgba(1,77,183,0.5) 0%|rgba(255,255,255,0) 100%\u00bb background_color_gradient_overlays_image=\u00bbon\u00bb background_color_gradient_start=\u00bbrgba(1,77,183,0.5)\u00bb background_color_gradient_end=\u00bbrgba(255,255,255,0)\u00bb background_image=\u00bbhttps:\/\/medfam.fmposgrado.unam.mx\/wp-content\/uploads\/2021\/05\/pharmacy-06.jpg\u00bb custom_padding=\u00bb100px||100px||true\u00bb top_divider_style=\u00bbasymmetric\u00bb top_divider_height=\u00bb50px\u00bb top_divider_flip=\u00bbvertical|horizontal\u00bb global_colors_info=\u00bb{}\u00bb][et_pb_row column_structure=\u00bb1_2,1_2&#8243; _builder_version=\u00bb4.16&#8243; custom_margin=\u00bb0px||||false|false\u00bb custom_padding=\u00bb0px||||false|false\u00bb global_colors_info=\u00bb{}\u00bb][et_pb_column type=\u00bb1_2&#8243; _builder_version=\u00bb4.16&#8243; custom_padding=\u00bb|||\u00bb global_colors_info=\u00bb{}\u00bb custom_padding__hover=\u00bb|||\u00bb][et_pb_blurb url=\u00bbhttps:\/\/www.youtube.com\/channel\/UCWmZnQxaEOAIUKWCaKvg5Mw\u00bb url_new_window=\u00bbon\u00bb use_icon=\u00bbon\u00bb font_icon=\u00bb&#xe0ba;||divi||400&#8243; content_max_width=\u00bb650px\u00bb _builder_version=\u00bb4.16&#8243; _module_preset=\u00bbdefault\u00bb header_line_height=\u00bb1.5em\u00bb global_colors_info=\u00bb{}\u00bb]<\/p>\n<h2><span style=\"color: #808080;\">Las sesiones se transmitir\u00e1n en vivo a trav\u00e9s del canal de YouTube<\/span><\/h2>\n<h3><\/h3>\n<p>[\/et_pb_blurb][\/et_pb_column][et_pb_column type=\u00bb1_2&#8243; _builder_version=\u00bb4.16&#8243; custom_padding=\u00bb|||\u00bb global_colors_info=\u00bb{}\u00bb custom_padding__hover=\u00bb|||\u00bb][\/et_pb_column][\/et_pb_row][\/et_pb_section]<\/p>\n","protected":false},"excerpt":{"rendered":"<p>SEMINARIO DE ATENCI\u00d3N M\u00c9DICA Estudio M\u00e9dico de la Familia I Profesores: Dr. Isa\u00edas Hern\u00e1ndez Torres Dr. Miguel \u00c1ngel Hern\u00e1ndez Hern\u00e1ndez Sesiones virtuales: Viernes\u00a0de 16:00 a 17:30 horas A trav\u00e9s de YouTubeAbre: Viernes 05 de noviembre a partir de las 17:45 pmCierra: S\u00e1bado 06 de noviembre a las 20:30 pm A trav\u00e9s de la plataforma moodle [&hellip;]<\/p>\n","protected":false},"author":11,"featured_media":0,"parent":0,"menu_order":0,"comment_status":"closed","ping_status":"closed","template":"","meta":{"_et_pb_use_builder":"on","_et_pb_old_content":"","_et_gb_content_width":"","footnotes":""},"class_list":["post-6145","page","type-page","status-publish","hentry"],"_links":{"self":[{"href":"https:\/\/medfam.fmposgrado.unam.mx\/index.php\/wp-json\/wp\/v2\/pages\/6145","targetHints":{"allow":["GET"]}}],"collection":[{"href":"https:\/\/medfam.fmposgrado.unam.mx\/index.php\/wp-json\/wp\/v2\/pages"}],"about":[{"href":"https:\/\/medfam.fmposgrado.unam.mx\/index.php\/wp-json\/wp\/v2\/types\/page"}],"author":[{"embeddable":true,"href":"https:\/\/medfam.fmposgrado.unam.mx\/index.php\/wp-json\/wp\/v2\/users\/11"}],"replies":[{"embeddable":true,"href":"https:\/\/medfam.fmposgrado.unam.mx\/index.php\/wp-json\/wp\/v2\/comments?post=6145"}],"version-history":[{"count":77,"href":"https:\/\/medfam.fmposgrado.unam.mx\/index.php\/wp-json\/wp\/v2\/pages\/6145\/revisions"}],"predecessor-version":[{"id":7832,"href":"https:\/\/medfam.fmposgrado.unam.mx\/index.php\/wp-json\/wp\/v2\/pages\/6145\/revisions\/7832"}],"wp:attachment":[{"href":"https:\/\/medfam.fmposgrado.unam.mx\/index.php\/wp-json\/wp\/v2\/media?parent=6145"}],"curies":[{"name":"wp","href":"https:\/\/api.w.org\/{rel}","templated":true}]}}