{"id":4511,"date":"2020-10-30T09:35:15","date_gmt":"2020-10-30T15:35:15","guid":{"rendered":"http:\/\/liceaga.facmed.unam.mx\/especial\/familiar\/?page_id=4511"},"modified":"2020-11-17T10:55:49","modified_gmt":"2020-11-17T16:55:49","slug":"movilidad-unam","status":"publish","type":"page","link":"https:\/\/medfam.fmposgrado.unam.mx\/index.php\/movilidad-unam\/","title":{"rendered":"Movilidad_UNAM"},"content":{"rendered":"<p>[et_pb_section fb_built=\u00bb1&#8243; _builder_version=\u00bb4.6.6&#8243; background_image=\u00bbhttp:\/\/liceaga.facmed.unam.mx\/especial\/familiar\/wp-content\/uploads\/2020\/04\/Mi-peli\u0301cula-6-1.jpg\u00bb background_size=\u00bbcontain\u00bb custom_margin=\u00bb5px||||false|false\u00bb custom_padding=\u00bb50px||||false|false\u00bb top_divider_style=\u00bbramp\u00bb top_divider_color=\u00bb#e09900&#8243; top_divider_height=\u00bb69px\u00bb][et_pb_row _builder_version=\u00bb4.4.1&#8243;][et_pb_column type=\u00bb4_4&#8243; _builder_version=\u00bb4.4.1&#8243;][et_pb_text _builder_version=\u00bb4.6.6&#8243; text_font=\u00bbABeeZee||||||||\u00bb text_text_color=\u00bb#474747&#8243; background_color=\u00bb#ffffff\u00bb text_orientation=\u00bbcenter\u00bb inline_fonts=\u00bbAcme\u00bb]<\/p>\n<h2 style=\"text-align: center;\"><span style=\"color: #003366;\">M\u00e9dicos residentes UNAM<\/span><\/h2>\n<p>[\/et_pb_text][et_pb_toggle title=\u00bbRequisitos para estancias acad\u00e9micas formativas parciales en el extranjero\u00bb open_toggle_text_color=\u00bb#00447c\u00bb _builder_version=\u00bb4.6.6&#8243; _module_preset=\u00bbdefault\u00bb title_text_color=\u00bb#6b6b6b\u00bb link_option_url_new_window=\u00bbon\u00bb]<\/p>\n<div class=\"t pg-1m0 pg-1x9 pg-1h7 pg-1yb pg-1ff6 pg-1fs1 pg-1fc0 pg-1sc0 pg-1ls4 pg-1ws0\">Requisitos <span class=\"pg-1ls1\">para m\u00e9dicos residentes del curso de especializaci\u00f3n en Medicina Familiar <\/span><\/div>\n<div class=\"t pg-1m0 pg-1x9 pg-1h7 pg-1yc pg-1ff6 pg-1fs1 pg-1fc0 pg-1sc0 pg-1ls1 pg-1ws0\">de las sedes con reconocimiento de la UNAM. <a href=\"http:\/\/liceaga.facmed.unam.mx\/especial\/familiar\/wp-content\/uploads\/2020\/10\/ANEXO_11-REQUISITOS-ESTANCIAS-ACADEMICAS-UNAM-2020.pdf\" target=\"_blank\" rel=\"noopener noreferrer\">Ver PDF<\/a><\/div>\n<div>\u00a0<\/div>\n<div>\u00a0<\/div>\n<p>[\/et_pb_toggle][et_pb_toggle title=\u00bbRequisitos para estancias acad\u00e9micas formativas parciales en M\u00e9xico\u00bb open_toggle_text_color=\u00bb#00447c\u00bb _builder_version=\u00bb4.6.6&#8243; _module_preset=\u00bbdefault\u00bb title_text_color=\u00bb#6b6b6b\u00bb link_option_url_new_window=\u00bbon\u00bb]<\/p>\n<div class=\"t pg-1m0 pg-1x9 pg-1h7 pg-1yb pg-1ff6 pg-1fs1 pg-1fc0 pg-1sc0 pg-1ls4 pg-1ws0\">\n<div class=\"t pg-1m0 pg-1x9 pg-1h7 pg-1yb pg-1ff6 pg-1fs1 pg-1fc0 pg-1sc0 pg-1ls0 pg-1ws0\">R<span class=\"pg-1ls1\">equisitos para m\u00e9dicos residentes del curso de especializaci\u00f3n en Medicina Familiar<\/span><\/div>\n<div class=\"t pg-1m0 pg-1x9 pg-1h7 pg-1yc pg-1ff6 pg-1fs1 pg-1fc0 pg-1sc0 pg-1ls1 pg-1ws0\">de las sedes con reconocimiento de la UNAM. <a href=\"http:\/\/liceaga.facmed.unam.mx\/especial\/familiar\/wp-content\/uploads\/2020\/10\/ANEXO_11-REQUISITOS-ESTANCIAS-ACADEMICAS-UNAM-2020.pdf\" target=\"_blank\" rel=\"noopener noreferrer\">Ver PDF<\/a><\/div>\n<\/div>\n<div>\u00a0<\/div>\n<div>\u00a0<\/div>\n<p>[\/et_pb_toggle][et_pb_toggle title=\u00bbProgramas y pa\u00edses para estancias acad\u00e9micas formativas parciales\u00bb open_toggle_text_color=\u00bb#00447c\u00bb _builder_version=\u00bb4.6.6&#8243; _module_preset=\u00bbdefault\u00bb title_text_color=\u00bb#6b6b6b\u00bb link_option_url_new_window=\u00bbon\u00bb hover_enabled=\u00bb0&#8243; sticky_enabled=\u00bb0&#8243;]<\/p>\n<div class=\"t pg-1m0 pg-1x9 pg-1h7 pg-1yb pg-1ff6 pg-1fs1 pg-1fc0 pg-1sc0 pg-1ls4 pg-1ws0\">\n<div class=\"t pg-1m0 pg-1x9 pg-1h7 pg-1yc pg-1ff6 pg-1fs1 pg-1fc0 pg-1sc0 pg-1ls1 pg-1ws0\">La Subdivisi\u00f3n de Medicina Familiar tiene la firme convicci\u00f3n, de que las estancias acad\u00e9micas formativas en el extranjero adem\u00e1s de ser una experiencia educativa altamente significativa para los m\u00e9dicos residentes, generan sobre todo un aprendizaje diferenciado que posteriormente se convertir\u00e1 en el motor de cambio de su actuar profesional; es por ello que la experiencia debe ser suficientemente enriquecedora de su proceso educativo formativo y por lo tanto debe ser dise\u00f1ada de manera personalizada.<\/div>\n<div>\u00a0<\/div>\n<div class=\"t pg-1m0 pg-1x9 pg-1h7 pg-1yc pg-1ff6 pg-1fs1 pg-1fc0 pg-1sc0 pg-1ls1 pg-1ws0\">Por lo anterior, la instituci\u00f3n educativa o de salud como escenario cl\u00ednico del proceso educativo, la ciudad y el pa\u00eds destino para realizar la estancia acad\u00e9mica formativa parcial y el programa acad\u00e9mico, son determinados y dise\u00f1ado de acuerdo con las preferencias de cada m\u00e9dico residente y con sus necesidades acad\u00e9micas, por lo que los m\u00e9dicos residentes interesados, una vez que tengan la aprobaci\u00f3n de su profesor titular, deben contactar v\u00eda telef\u00f3nica a la Coordinaci\u00f3n de Vinculaci\u00f3n Acad\u00e9mica (56237000 ext. 81079) o v\u00eda correo electr\u00f3nico (octaviopons@fmposgrado.unam.mx).<\/div>\n<\/div>\n<p>[\/et_pb_toggle][et_pb_text _builder_version=\u00bb4.6.6&#8243; text_font=\u00bbABeeZee||||||||\u00bb text_text_color=\u00bb#474747&#8243; background_color=\u00bb#ffffff\u00bb text_orientation=\u00bbcenter\u00bb inline_fonts=\u00bbAcme\u00bb]<\/p>\n<hr \/>\n<h3 style=\"text-align: center;\"><span style=\"color: #000080;\"><a style=\"color: #000080;\" href=\"https:\/\/sites.google.com\/site\/familymedicine360\/home\" target=\"_blank\" rel=\"noopener noreferrer\">Programa WONCA Medicina Familiar 360<\/a><\/span><\/h3>\n<p>[\/et_pb_text][\/et_pb_column][\/et_pb_row][\/et_pb_section]<\/p>\n","protected":false},"excerpt":{"rendered":"<p>M\u00e9dicos residentes UNAMRequisitos para m\u00e9dicos residentes del curso de especializaci\u00f3n en Medicina Familiar de las sedes con reconocimiento de la UNAM. Ver PDF \u00a0 \u00a0 Requisitos para m\u00e9dicos residentes del curso de especializaci\u00f3n en Medicina Familiar de las sedes con reconocimiento de la UNAM. Ver PDF \u00a0 \u00a0 La Subdivisi\u00f3n de Medicina Familiar tiene la [&hellip;]<\/p>\n","protected":false},"author":11,"featured_media":0,"parent":0,"menu_order":0,"comment_status":"closed","ping_status":"closed","template":"","meta":{"_et_pb_use_builder":"on","_et_pb_old_content":"","_et_gb_content_width":"","footnotes":""},"class_list":["post-4511","page","type-page","status-publish","hentry"],"_links":{"self":[{"href":"https:\/\/medfam.fmposgrado.unam.mx\/index.php\/wp-json\/wp\/v2\/pages\/4511","targetHints":{"allow":["GET"]}}],"collection":[{"href":"https:\/\/medfam.fmposgrado.unam.mx\/index.php\/wp-json\/wp\/v2\/pages"}],"about":[{"href":"https:\/\/medfam.fmposgrado.unam.mx\/index.php\/wp-json\/wp\/v2\/types\/page"}],"author":[{"embeddable":true,"href":"https:\/\/medfam.fmposgrado.unam.mx\/index.php\/wp-json\/wp\/v2\/users\/11"}],"replies":[{"embeddable":true,"href":"https:\/\/medfam.fmposgrado.unam.mx\/index.php\/wp-json\/wp\/v2\/comments?post=4511"}],"version-history":[{"count":26,"href":"https:\/\/medfam.fmposgrado.unam.mx\/index.php\/wp-json\/wp\/v2\/pages\/4511\/revisions"}],"predecessor-version":[{"id":4819,"href":"https:\/\/medfam.fmposgrado.unam.mx\/index.php\/wp-json\/wp\/v2\/pages\/4511\/revisions\/4819"}],"wp:attachment":[{"href":"https:\/\/medfam.fmposgrado.unam.mx\/index.php\/wp-json\/wp\/v2\/media?parent=4511"}],"curies":[{"name":"wp","href":"https:\/\/api.w.org\/{rel}","templated":true}]}}