{"id":4189,"date":"2020-10-26T13:17:22","date_gmt":"2020-10-26T19:17:22","guid":{"rendered":"http:\/\/liceaga.facmed.unam.mx\/especial\/familiar\/?page_id=4189"},"modified":"2020-10-26T13:18:52","modified_gmt":"2020-10-26T19:18:52","slug":"titulacion-eca","status":"publish","type":"page","link":"https:\/\/medfam.fmposgrado.unam.mx\/index.php\/titulacion-eca\/","title":{"rendered":"Titulaci\u00f3n ECA"},"content":{"rendered":"<p>[et_pb_section fb_built=\u00bb1&#8243; admin_label=\u00bbsection\u00bb _builder_version=\u00bb3.22&#8243;][et_pb_row admin_label=\u00bbrow\u00bb _builder_version=\u00bb4.6.6&#8243; background_size=\u00bbinitial\u00bb background_position=\u00bbtop_left\u00bb background_repeat=\u00bbrepeat\u00bb width=\u00bb90%\u00bb custom_margin=\u00bb-10px||||false|false\u00bb custom_padding=\u00bb0px||||false|false\u00bb][et_pb_column type=\u00bb4_4&#8243; _builder_version=\u00bb4.6.6&#8243; custom_padding=\u00bb0px||||false|false\u00bb custom_padding__hover=\u00bb|||\u00bb][et_pb_text admin_label=\u00bbText\u00bb _builder_version=\u00bb4.6.6&#8243; header_text_color=\u00bb#00447c\u00bb header_font_size=\u00bb26px\u00bb header_line_height=\u00bb1.5em\u00bb background_size=\u00bbinitial\u00bb background_position=\u00bbtop_left\u00bb background_repeat=\u00bbrepeat\u00bb custom_margin=\u00bb-3px||0px||false|false\u00bb custom_padding=\u00bb0px||||false|false\u00bb hover_enabled=\u00bb0&#8243; sticky_enabled=\u00bb0&#8243;]<\/p>\n<h1>Titulaci\u00f3n ECA<\/h1>\n<p>Para realizar el tr\u00e1mite de titulaci\u00f3n, el alumno de tercer a\u00f1o deber\u00e1:<\/p>\n<ul>\n<li>Ingresar a la p\u00e1gina\u00a0<a href=\"http:\/\/www.uap.unam.mx\/\" target=\"_blank\" rel=\"noopener noreferrer\">www.uap.unam.mx<\/a>\u00a0para imprimir el permiso datos generales y graduados e historial acad\u00e9mico<\/li>\n<li>Tramitar la solicitud para examen final y grado de especializaci\u00f3n en la p\u00e1gina de\u00a0<a href=\"http:\/\/132.248.55.195\/siae\/posgrado\/formatosGC\/formatoUPOSF14\/datosGenerales.php\" target=\"_blank\" rel=\"noopener noreferrer\">serivicios escolares<\/a>. Imprimir por cuadruplicado<\/li>\n<li>Ingresar a la p\u00e1gina:\u00a0<a href=\"http:\/\/132.248.67.170:8080\/cartas\/\" target=\"_blank\" rel=\"noopener noreferrer\">bibliotecacentral.unam.mx<\/a>\u00a0e imprimir la carta de no adeudo de la biblioteca<\/li>\n<li>Tramitar la autorizaci\u00f3n de transferencia de informaci\u00f3n en la p\u00e1gina de la\u00a0<a href=\"https:\/\/www.dgae.unam.mx\/titulosgrados\/registro_titulo_grado_cedula.html\" target=\"_blank\" rel=\"noopener noreferrer\">Direcci\u00f3n General de Administraci\u00f3n Escolar<\/a><\/li>\n<li>Tramitar las cartas de liberaci\u00f3n en la Subdivisi\u00f3n de Medicina Familiar (oficio de liberaci\u00f3n de tesis y propuesta de jurado)<\/li>\n<li>6 fotograf\u00edas tama\u00f1o titulo ovaladas de 6&#215;9 cm, recientes, con las siguientes caracteristicas:\n<ul>\n<li>de frente, rostro serio,<\/li>\n<li>el tama\u00f1o de la cara deber\u00e1 medir 3.5&#215;5 cm,<\/li>\n<li>blanco y negro, con fondo gris claro y retoque,<\/li>\n<li>impresas en papel mate (no digitales, no instantaneas), no en papel autoaderible, no debe ser tomadas de otras fotograf\u00edas,<\/li>\n<li>con su nombre completo al reverso a l\u00e1piz, no recargar la punta para evitar marcarlas,<\/li>\n<li>las fotograf\u00edas deben ser con vestimenta formal, frente y orejas descubiertas, sin lentes obscuros o pupilentes de color, si fuese el caso de barba y bigote recortados (deben verse los labios).<\/li>\n<\/ul>\n<\/li>\n<li><b>Toda esta documentaci\u00f3n deber\u00e1 entregarse en Servicios Escolares, Facultad de Medicina, edificio A, s\u00f3tano, en un horiario de 9:00 a 14:00 y de 16:00 a 19:00 horas<\/b><\/li>\n<\/ul>\n<ul>\n<li>Llevar acta de examen final a la Subdivisi\u00f3n de Medicina Familiar para recabar firma de sinodales<\/li>\n<li>Reingresar el acta de examen final a servicios escolares<\/li>\n<\/ul>\n<p align=\"center\"><span style=\"color: #003366;\"><strong><span class=\"list-group-item-info\">En un lapso de cuatro a seis meses, ponerse en contacto con Claudia Patricia Guerrero, en el 56 23 70 00 ext. 81080<\/span><\/strong><\/span><\/p>\n<p>[\/et_pb_text][\/et_pb_column][\/et_pb_row][\/et_pb_section]<\/p>\n","protected":false},"excerpt":{"rendered":"<p>Titulaci\u00f3n ECA Para realizar el tr\u00e1mite de titulaci\u00f3n, el alumno de tercer a\u00f1o deber\u00e1: Ingresar a la p\u00e1gina\u00a0www.uap.unam.mx\u00a0para imprimir el permiso datos generales y graduados e historial acad\u00e9mico Tramitar la solicitud para examen final y grado de especializaci\u00f3n en la p\u00e1gina de\u00a0serivicios escolares. Imprimir por cuadruplicado Ingresar a la p\u00e1gina:\u00a0bibliotecacentral.unam.mx\u00a0e imprimir la carta de no [&hellip;]<\/p>\n","protected":false},"author":11,"featured_media":0,"parent":0,"menu_order":0,"comment_status":"closed","ping_status":"closed","template":"","meta":{"_et_pb_use_builder":"on","_et_pb_old_content":"","_et_gb_content_width":"","footnotes":""},"class_list":["post-4189","page","type-page","status-publish","hentry"],"_links":{"self":[{"href":"https:\/\/medfam.fmposgrado.unam.mx\/index.php\/wp-json\/wp\/v2\/pages\/4189","targetHints":{"allow":["GET"]}}],"collection":[{"href":"https:\/\/medfam.fmposgrado.unam.mx\/index.php\/wp-json\/wp\/v2\/pages"}],"about":[{"href":"https:\/\/medfam.fmposgrado.unam.mx\/index.php\/wp-json\/wp\/v2\/types\/page"}],"author":[{"embeddable":true,"href":"https:\/\/medfam.fmposgrado.unam.mx\/index.php\/wp-json\/wp\/v2\/users\/11"}],"replies":[{"embeddable":true,"href":"https:\/\/medfam.fmposgrado.unam.mx\/index.php\/wp-json\/wp\/v2\/comments?post=4189"}],"version-history":[{"count":3,"href":"https:\/\/medfam.fmposgrado.unam.mx\/index.php\/wp-json\/wp\/v2\/pages\/4189\/revisions"}],"predecessor-version":[{"id":4194,"href":"https:\/\/medfam.fmposgrado.unam.mx\/index.php\/wp-json\/wp\/v2\/pages\/4189\/revisions\/4194"}],"wp:attachment":[{"href":"https:\/\/medfam.fmposgrado.unam.mx\/index.php\/wp-json\/wp\/v2\/media?parent=4189"}],"curies":[{"name":"wp","href":"https:\/\/api.w.org\/{rel}","templated":true}]}}