{"id":4167,"date":"2020-10-26T11:40:53","date_gmt":"2020-10-26T17:40:53","guid":{"rendered":"http:\/\/liceaga.facmed.unam.mx\/especial\/familiar\/?page_id=4167"},"modified":"2021-10-20T20:18:45","modified_gmt":"2021-10-21T01:18:45","slug":"acerca","status":"publish","type":"page","link":"https:\/\/medfam.fmposgrado.unam.mx\/index.php\/acerca\/","title":{"rendered":"Acerca de"},"content":{"rendered":"<p>[et_pb_section fb_built=\u00bb1&#8243; admin_label=\u00bbsection\u00bb _builder_version=\u00bb3.22&#8243; global_colors_info=\u00bb{}\u00bb][et_pb_row admin_label=\u00bbrow\u00bb _builder_version=\u00bb4.6.6&#8243; background_size=\u00bbinitial\u00bb background_position=\u00bbtop_left\u00bb background_repeat=\u00bbrepeat\u00bb width=\u00bb90%\u00bb custom_margin=\u00bb-10px||||false|false\u00bb custom_padding=\u00bb0px||||false|false\u00bb global_colors_info=\u00bb{}\u00bb][et_pb_column type=\u00bb4_4&#8243; _builder_version=\u00bb4.6.6&#8243; custom_padding=\u00bb0px||||false|false\u00bb global_colors_info=\u00bb{}\u00bb custom_padding__hover=\u00bb|||\u00bb][et_pb_text admin_label=\u00bbText\u00bb _builder_version=\u00bb4.11.3&#8243; header_text_color=\u00bb#00447c\u00bb header_font_size=\u00bb26px\u00bb header_line_height=\u00bb1.5em\u00bb background_size=\u00bbinitial\u00bb background_position=\u00bbtop_left\u00bb background_repeat=\u00bbrepeat\u00bb custom_margin=\u00bb-3px||0px||false|false\u00bb custom_padding=\u00bb0px||||false|false\u00bb hover_enabled=\u00bb0&#8243; global_colors_info=\u00bb{}\u00bb sticky_enabled=\u00bb0&#8243;]<\/p>\n<h1>Acerca de<\/h1>\n<div class=\"entry-content\">\n<p>La Subdivisi\u00f3n de Medicina Familiar se cre\u00f3 en 1974, inicialmente como Departamento de Medicina Familiar, en 2000, se convirti\u00f3 en Subdivisi\u00f3n, sus funciones principales son:<\/p>\n<ul>\n<li>Difundir los lineamientos, estrategias y procedimientos establecidos por la Jefatura de la Divisio\u0301n, tanto a las instancias del sector salud, como a los profesores y alumnos de las diferentes sedes avaladas en donde se imparten los cursos de especializacio\u0301n en Medicina Familiar.<\/li>\n<li>Coordinar las actividades acade\u0301micas, de docencia, investigacio\u0301n, evaluacio\u0301n y vinculacio\u0301n acade\u0301mica, que permitan formar especialistas en Medicina Familiar que coadyuven a la solucio\u0301n de los problemas nacionales de salud.<\/li>\n<li>Establecer los criterios de idoneidad para la apertura y continuidad de las sedes acade\u0301micas para impartir el curso de especializacio\u0301n en Medicina Familiar.<\/li>\n<li>Acordar con las instituciones de salud la propuesta de profesores para integrar, autorizar y supervisar la plantilla de personal acade\u0301mico de las diversas instituciones en las que se imparte el curso de especializacio\u0301n en Medicina Familiar.<\/li>\n<li>Proponer y tramitar ante el Consejo Te\u0301cnico de la Facultad de Medicina los nombramientos del personal acade\u0301mico.<\/li>\n<li>Vigilar y verificar el cumplimiento del Reglamento General de Estudios de Posgrado de la UNAM, del Plan U\u0301nico de Especializaciones Me\u0301dicas (PUEM) y de sus Normas Operativas, asi\u0301 como de las recomendaciones que emitan los integrantes de los Subcomite\u0301s Acade\u0301micos.<\/li>\n<li>Convocar y coordinar las reuniones de evaluacio\u0301n y planeacio\u0301n del Subcomite\u0301 Acade\u0301mico de Medicina Familiar.<\/li>\n<\/ul>\n<p><img loading=\"lazy\" decoding=\"async\" class=\"aligncenter wp-image-2312 size-full\" src=\"https:\/\/medfam.fmposgrado.unam.mx\/wp-content\/uploads\/2020\/06\/edificio_posgrado3.jpg\" alt=\"\" width=\"960\" height=\"540\" srcset=\"https:\/\/medfam.fmposgrado.unam.mx\/wp-content\/uploads\/2020\/06\/edificio_posgrado3.jpg 960w, https:\/\/medfam.fmposgrado.unam.mx\/wp-content\/uploads\/2020\/06\/edificio_posgrado3-480x270.jpg 480w\" sizes=\"(min-width: 0px) and (max-width: 480px) 480px, (min-width: 481px) 960px, 100vw\" \/><\/p>\n<\/div>\n<p>[\/et_pb_text][\/et_pb_column][\/et_pb_row][\/et_pb_section]<\/p>\n","protected":false},"excerpt":{"rendered":"<p>Acerca de La Subdivisi\u00f3n de Medicina Familiar se cre\u00f3 en 1974, inicialmente como Departamento de Medicina Familiar, en 2000, se convirti\u00f3 en Subdivisi\u00f3n, sus funciones principales son: Difundir los lineamientos, estrategias y procedimientos establecidos por la Jefatura de la Divisio\u0301n, tanto a las instancias del sector salud, como a los profesores y alumnos de las [&hellip;]<\/p>\n","protected":false},"author":11,"featured_media":0,"parent":0,"menu_order":0,"comment_status":"closed","ping_status":"closed","template":"","meta":{"_et_pb_use_builder":"on","_et_pb_old_content":"","_et_gb_content_width":"","footnotes":""},"class_list":["post-4167","page","type-page","status-publish","hentry"],"_links":{"self":[{"href":"https:\/\/medfam.fmposgrado.unam.mx\/index.php\/wp-json\/wp\/v2\/pages\/4167","targetHints":{"allow":["GET"]}}],"collection":[{"href":"https:\/\/medfam.fmposgrado.unam.mx\/index.php\/wp-json\/wp\/v2\/pages"}],"about":[{"href":"https:\/\/medfam.fmposgrado.unam.mx\/index.php\/wp-json\/wp\/v2\/types\/page"}],"author":[{"embeddable":true,"href":"https:\/\/medfam.fmposgrado.unam.mx\/index.php\/wp-json\/wp\/v2\/users\/11"}],"replies":[{"embeddable":true,"href":"https:\/\/medfam.fmposgrado.unam.mx\/index.php\/wp-json\/wp\/v2\/comments?post=4167"}],"version-history":[{"count":8,"href":"https:\/\/medfam.fmposgrado.unam.mx\/index.php\/wp-json\/wp\/v2\/pages\/4167\/revisions"}],"predecessor-version":[{"id":6351,"href":"https:\/\/medfam.fmposgrado.unam.mx\/index.php\/wp-json\/wp\/v2\/pages\/4167\/revisions\/6351"}],"wp:attachment":[{"href":"https:\/\/medfam.fmposgrado.unam.mx\/index.php\/wp-json\/wp\/v2\/media?parent=4167"}],"curies":[{"name":"wp","href":"https:\/\/api.w.org\/{rel}","templated":true}]}}