{"id":3270,"date":"2020-06-27T05:42:31","date_gmt":"2020-06-27T03:42:31","guid":{"rendered":"http:\/\/liceaga.facmed.unam.mx\/especial\/familiar\/?page_id=3270"},"modified":"2021-10-20T20:22:54","modified_gmt":"2021-10-21T01:22:54","slug":"econtinua","status":"publish","type":"page","link":"https:\/\/medfam.fmposgrado.unam.mx\/index.php\/econtinua\/","title":{"rendered":"Educaci\u00f3n Continua"},"content":{"rendered":"<p>[et_pb_section fb_built=\u00bb1&#8243; prev_background_color=\u00bb#000000&#8243; admin_label=\u00bbsection\u00bb _builder_version=\u00bb4.8.1&#8243; top_divider_style=\u00bbnone\u00bb top_divider_height=\u00bb50px\u00bb top_divider_arrangement_tablet=\u00bb\u00bb top_divider_arrangement_phone=\u00bb\u00bb top_divider_arrangement_last_edited=\u00bbon|phone\u00bb global_colors_info=\u00bb{}\u00bb][et_pb_row column_structure=\u00bb2_3,1_3&#8243; _builder_version=\u00bb4.6.6&#8243; width=\u00bb90%\u00bb custom_margin=\u00bb0px||||false|false\u00bb custom_padding=\u00bb0px||||false|false\u00bb global_colors_info=\u00bb{}\u00bb][et_pb_column type=\u00bb2_3&#8243; _builder_version=\u00bb4.4.1&#8243; global_colors_info=\u00bb{}\u00bb][et_pb_text _builder_version=\u00bb4.6.6&#8243; text_text_color=\u00bb#00457a\u00bb header_text_color=\u00bb#e09900&#8243; header_line_height=\u00bb1.3em\u00bb custom_padding=\u00bb0px||||false|false\u00bb global_colors_info=\u00bb{}\u00bb]<\/p>\n<h1><span style=\"color: #808000;\">Educaci\u00f3n Continua en Atenci\u00f3n Primaria<\/span><\/h1>\n<p>[\/et_pb_text][et_pb_text admin_label=\u00bbTexto\u00bb _builder_version=\u00bb4.8.1&#8243; text_font=\u00bbABeeZee||||||||\u00bb text_text_color=\u00bb#000000&#8243; global_colors_info=\u00bb{}\u00bb]<\/p>\n<h3>Descripci\u00f3n<\/h3>\n<p>El m\u00e9dico, una vez que termina su preparaci\u00f3n acad\u00e9mica formal, nunca deja de estudiar y continuamente busca informaci\u00f3n para mantenerse actualizado, ya que la medicina est\u00e1 en constante movimiento por el resultado de investigaciones, nuevas estrategias para abordar problemas de salud conocidos, o el surgimiento de problemas emergentes a los que se enfrenta. En el caso de la educaci\u00f3n no formal, la educaci\u00f3n continua, EC, constituye un proceso educativo de actualizaci\u00f3n y mejora que se realiza a trav\u00e9s de actividades educativas m\u00e9dicas, cuyo prop\u00f3sito es mantener, desarrollar o incrementar conocimientos, habilidades t\u00e9cnicas, relaciones interpersonales, que mejoren el trabajo profesional y hagan posible ofrecer servicios de calidad a la poblaci\u00f3n. La EC utiliza diversas herramientas como la autoense\u00f1anza, informaci\u00f3n electr\u00f3nica, cursos a distancia o presenciales.<\/p>\n<p>El programa de Educaci\u00f3n M\u00e9dica Continua, CEMC, de la Subdivisi\u00f3n de Medicina Familiar tiene como finalidad ofrecer cursos, talleres y diplomados de actualizaci\u00f3n en el primer nivel de atenci\u00f3n a m\u00e9dicos familiares, generales y personal de salud, para favorecer el logro de competencias profesionales a trav\u00e9s de la propuesta de diversas actividades educativas.<\/p>\n<p>&nbsp;<\/p>\n<h3>Objetivo<\/h3>\n<p>Promover cursos, talleres y diplomados de actualizaci\u00f3n a m\u00e9dicos familiares, generales y personal de salud que desarrollan su trabajo en el primer nivel de atenci\u00f3n, con profesores capacitados en su campo. La modalidad de educaci\u00f3n continua es presencial, a distancia y mixta.<\/p>\n<p>&nbsp;<\/p>\n<h3>Funciones<\/h3>\n<ul>\n<li>Diagnosticar, planificar, desarrollar y evaluar actividades educativas para favorecer la actualizaci\u00f3n de m\u00e9dicos y personal de salud del primer nivel de atenci\u00f3n.<\/li>\n<li>Apoyar en la organizaci\u00f3n de los cursos que se desarrollan en el CEMC.<\/li>\n<li>Ser el enlace entre las necesidades de capacitaci\u00f3n de los m\u00e9dicos y personal de salud del primer nivel de atenci\u00f3n y los profesionales expertos en su campo.<\/li>\n<li>Facilitar tr\u00e1mites administrativos tanto para profesores como para los asistentes, ante la Subdivisi\u00f3n de Medicina Familiar y la Subdivisi\u00f3n de Educaci\u00f3n Continua en la Divisi\u00f3n de Estudios de Posgrado de la Facultad de Medicina, UNAM.<\/li>\n<\/ul>\n<p>&nbsp;<\/p>\n<h3>Ejes de educaci\u00f3n continua<\/h3>\n<ul>\n<li>Cursos<\/li>\n<li>Talleres<\/li>\n<li>Diplomados<\/li>\n<\/ul>\n<p>[\/et_pb_text][\/et_pb_column][et_pb_column type=\u00bb1_3&#8243; _builder_version=\u00bb4.4.1&#8243; global_colors_info=\u00bb{}\u00bb][et_pb_image src=\u00bbhttps:\/\/medfam.fmposgrado.unam.mx\/wp-content\/uploads\/2020\/06\/MGG_2020.jpg\u00bb _builder_version=\u00bb4.11.3&#8243; hover_enabled=\u00bb0&#8243; global_colors_info=\u00bb{}\u00bb title_text=\u00bbMGG_2020&#8243; sticky_enabled=\u00bb0&#8243;][\/et_pb_image][et_pb_text admin_label=\u00bbTexto\u00bb _builder_version=\u00bb4.8.1&#8243; global_colors_info=\u00bb{}\u00bb]<span style=\"color: #003366;\"><b>Responsable:<\/b><\/span><br \/>\n<b>Dra. Mar\u00eda Guadalupe Grijalva<\/b><br \/>\n<i class=\"far fa-envelope\"><\/i> mggrij@unam.mx<br \/>\n<i class=\"far fa-envelope\"><\/i>mariaggrijalva27@gmail.com[\/et_pb_text][\/et_pb_column][\/et_pb_row][\/et_pb_section]<\/p>\n","protected":false},"excerpt":{"rendered":"<p>Educaci\u00f3n Continua en Atenci\u00f3n PrimariaDescripci\u00f3n El m\u00e9dico, una vez que termina su preparaci\u00f3n acad\u00e9mica formal, nunca deja de estudiar y continuamente busca informaci\u00f3n para mantenerse actualizado, ya que la medicina est\u00e1 en constante movimiento por el resultado de investigaciones, nuevas estrategias para abordar problemas de salud conocidos, o el surgimiento de problemas emergentes a los [&hellip;]<\/p>\n","protected":false},"author":9,"featured_media":0,"parent":0,"menu_order":0,"comment_status":"closed","ping_status":"closed","template":"","meta":{"_et_pb_use_builder":"on","_et_pb_old_content":"","_et_gb_content_width":"","footnotes":""},"class_list":["post-3270","page","type-page","status-publish","hentry"],"_links":{"self":[{"href":"https:\/\/medfam.fmposgrado.unam.mx\/index.php\/wp-json\/wp\/v2\/pages\/3270","targetHints":{"allow":["GET"]}}],"collection":[{"href":"https:\/\/medfam.fmposgrado.unam.mx\/index.php\/wp-json\/wp\/v2\/pages"}],"about":[{"href":"https:\/\/medfam.fmposgrado.unam.mx\/index.php\/wp-json\/wp\/v2\/types\/page"}],"author":[{"embeddable":true,"href":"https:\/\/medfam.fmposgrado.unam.mx\/index.php\/wp-json\/wp\/v2\/users\/9"}],"replies":[{"embeddable":true,"href":"https:\/\/medfam.fmposgrado.unam.mx\/index.php\/wp-json\/wp\/v2\/comments?post=3270"}],"version-history":[{"count":18,"href":"https:\/\/medfam.fmposgrado.unam.mx\/index.php\/wp-json\/wp\/v2\/pages\/3270\/revisions"}],"predecessor-version":[{"id":6354,"href":"https:\/\/medfam.fmposgrado.unam.mx\/index.php\/wp-json\/wp\/v2\/pages\/3270\/revisions\/6354"}],"wp:attachment":[{"href":"https:\/\/medfam.fmposgrado.unam.mx\/index.php\/wp-json\/wp\/v2\/media?parent=3270"}],"curies":[{"name":"wp","href":"https:\/\/api.w.org\/{rel}","templated":true}]}}