{"id":3133,"date":"2020-06-26T15:25:36","date_gmt":"2020-06-26T13:25:36","guid":{"rendered":"http:\/\/liceaga.facmed.unam.mx\/especial\/familiar\/?page_id=3133"},"modified":"2022-08-15T13:40:32","modified_gmt":"2022-08-15T18:40:32","slug":"puem","status":"publish","type":"page","link":"https:\/\/medfam.fmposgrado.unam.mx\/index.php\/puem\/","title":{"rendered":"PUEM"},"content":{"rendered":"<p>[et_pb_section fb_built=\u00bb1&#8243; _builder_version=\u00bb4.16&#8243; hover_enabled=\u00bb0&#8243; global_colors_info=\u00bb{}\u00bb sticky_enabled=\u00bb0&#8243;][et_pb_row _builder_version=\u00bb4.17.1&#8243; background_size=\u00bbinitial\u00bb background_position=\u00bbtop_left\u00bb background_repeat=\u00bbrepeat\u00bb custom_margin=\u00bb0px||0px||false|false\u00bb custom_padding=\u00bb0px||0px||false|false\u00bb hover_enabled=\u00bb0&#8243; global_colors_info=\u00bb{}\u00bb width=\u00bb90%\u00bb sticky_enabled=\u00bb0&#8243;][et_pb_column type=\u00bb4_4&#8243; _builder_version=\u00bb4.16&#8243; custom_padding=\u00bb|||\u00bb global_colors_info=\u00bb{}\u00bb custom_padding__hover=\u00bb|||\u00bb][et_pb_text _builder_version=\u00bb4.17.1&#8243; header_font=\u00bb|600|||||||\u00bb header_text_align=\u00bbleft\u00bb header_text_color=\u00bb#00447C\u00bb header_font_size=\u00bb38px\u00bb header_letter_spacing=\u00bb3px\u00bb background_size=\u00bbinitial\u00bb background_position=\u00bbtop_left\u00bb background_repeat=\u00bbrepeat\u00bb module_alignment=\u00bbcenter\u00bb custom_margin=\u00bb0px||0px||false|false\u00bb custom_padding=\u00bb0px||0px||false|false\u00bb border_radii=\u00bbon|1px|1px|1px|1px\u00bb border_color_all=\u00bb#000000&#8243; global_colors_info=\u00bb{}\u00bb]<\/p>\n<h1>PUEM<\/h1>\n<p>El Plan \u00danico de Especializaciones M\u00e9dicas en Medicina Familiar<\/p>\n<p>&nbsp;<\/p>\n<p>[\/et_pb_text][et_pb_code _builder_version=\u00bb4.17.1&#8243; _module_preset=\u00bbdefault\u00bb global_colors_info=\u00bb{}\u00bb]<iframe loading=\"lazy\" src=\"https:\/\/medfam.fmposgrado.unam.mx\/wp-content\/uploads\/2022\/08\/medfam3364PUEM2021V1.pdf\" height=\"800px\" width=\"100%\"><!-- [et_pb_line_break_holder] --><\/iframe>[\/et_pb_code][\/et_pb_column][\/et_pb_row][\/et_pb_section]<\/p>\n","protected":false},"excerpt":{"rendered":"<p>PUEM El Plan \u00danico de Especializaciones M\u00e9dicas en Medicina Familiar &nbsp;<\/p>\n","protected":false},"author":9,"featured_media":0,"parent":0,"menu_order":0,"comment_status":"closed","ping_status":"closed","template":"","meta":{"_et_pb_use_builder":"on","_et_pb_old_content":"<p><b>El Plan \u00danico de Especializaciones M\u00e9dicas en Medicina Familiar est\u00e1 conformado por tres funciones sustantivas:<\/b><\/p><ul><li><b> \u00a0 <\/b> <b>La prestaci\u00f3n de atenci\u00f3n m\u00e9dica<\/b><\/li><li><b> \u00a0 <\/b> <b>El desarrollo de investigaci\u00f3n<\/b><\/li><li><b> \u00a0 <\/b> <b>La labor que realizan profesores y alumnos<\/b><\/li><\/ul><p style=\"text-align: justify;\"><b>El objetivo general del plan de estudios es formar m\u00e9dicos especialistas en Medicina Familiar, competentes en los diversos campos disciplinarios del saber y el quehacer de la medicina, capaces de desarrollar una pr\u00e1ctica profesional de alta calidad cient\u00edfica, con un profundo sentido humanista y vocaci\u00f3n social de servicio, que integren a su trabajo de atenci\u00f3n m\u00e9dica las actividades de investigaci\u00f3n y educaci\u00f3n.<\/b><\/p><p style=\"text-align: left;\"><b>El PUEM est\u00e1 integrado por cuatro asignaturas: Trabajo de Atenci\u00f3n M\u00e9dica, Seminario de Atenci\u00f3n M\u00e9dica, Seminario de Investigaci\u00f3n y Seminario de Educaci\u00f3n.\u00a0<\/b><\/p>","_et_gb_content_width":"","footnotes":""},"class_list":["post-3133","page","type-page","status-publish","hentry"],"_links":{"self":[{"href":"https:\/\/medfam.fmposgrado.unam.mx\/index.php\/wp-json\/wp\/v2\/pages\/3133","targetHints":{"allow":["GET"]}}],"collection":[{"href":"https:\/\/medfam.fmposgrado.unam.mx\/index.php\/wp-json\/wp\/v2\/pages"}],"about":[{"href":"https:\/\/medfam.fmposgrado.unam.mx\/index.php\/wp-json\/wp\/v2\/types\/page"}],"author":[{"embeddable":true,"href":"https:\/\/medfam.fmposgrado.unam.mx\/index.php\/wp-json\/wp\/v2\/users\/9"}],"replies":[{"embeddable":true,"href":"https:\/\/medfam.fmposgrado.unam.mx\/index.php\/wp-json\/wp\/v2\/comments?post=3133"}],"version-history":[{"count":20,"href":"https:\/\/medfam.fmposgrado.unam.mx\/index.php\/wp-json\/wp\/v2\/pages\/3133\/revisions"}],"predecessor-version":[{"id":7071,"href":"https:\/\/medfam.fmposgrado.unam.mx\/index.php\/wp-json\/wp\/v2\/pages\/3133\/revisions\/7071"}],"wp:attachment":[{"href":"https:\/\/medfam.fmposgrado.unam.mx\/index.php\/wp-json\/wp\/v2\/media?parent=3133"}],"curies":[{"name":"wp","href":"https:\/\/api.w.org\/{rel}","templated":true}]}}